{"id":103,"date":"2021-06-20T12:31:31","date_gmt":"2021-06-20T10:31:31","guid":{"rendered":"https:\/\/www.fmiptc.com\/?page_id=103"},"modified":"2025-09-04T19:54:28","modified_gmt":"2025-09-04T17:54:28","slug":"denis-felus","status":"publish","type":"page","link":"https:\/\/www.fmiptc.com\/?page_id=103","title":{"rendered":"Denis F\u00e9lus"},"content":{"rendered":"\t\t<div data-elementor-type=\"wp-page\" data-elementor-id=\"103\" class=\"elementor elementor-103\">\n\t\t\t\t\t\t\t\t\t<section class=\"elementor-section elementor-top-section elementor-element elementor-element-796af7a elementor-section-boxed elementor-section-height-default elementor-section-height-default\" data-id=\"796af7a\" data-element_type=\"section\">\n\t\t\t\t\t\t<div class=\"elementor-container elementor-column-gap-default\">\n\t\t\t\t\t<div class=\"elementor-column elementor-col-100 elementor-top-column elementor-element elementor-element-1d9b8f67\" data-id=\"1d9b8f67\" data-element_type=\"column\">\n\t\t\t<div class=\"elementor-widget-wrap elementor-element-populated\">\n\t\t\t\t\t\t\t\t<div class=\"elementor-element elementor-element-7466c44c elementor-widget elementor-widget-text-editor\" data-id=\"7466c44c\" data-element_type=\"widget\" data-widget_type=\"text-editor.default\">\n\t\t\t\t<div class=\"elementor-widget-container\">\n\t\t\t<style>\/*! elementor - v3.14.0 - 26-06-2023 *\/\n.elementor-widget-text-editor.elementor-drop-cap-view-stacked .elementor-drop-cap{background-color:#69727d;color:#fff}.elementor-widget-text-editor.elementor-drop-cap-view-framed .elementor-drop-cap{color:#69727d;border:3px solid;background-color:transparent}.elementor-widget-text-editor:not(.elementor-drop-cap-view-default) .elementor-drop-cap{margin-top:8px}.elementor-widget-text-editor:not(.elementor-drop-cap-view-default) .elementor-drop-cap-letter{width:1em;height:1em}.elementor-widget-text-editor .elementor-drop-cap{float:left;text-align:center;line-height:1;font-size:50px}.elementor-widget-text-editor .elementor-drop-cap-letter{display:inline-block}<\/style>\t\t\t\t<p>Denis F\u00e9lus<br \/>19 rue Lesdigui\u00e8res 26000 Valence<br \/><a href=\"mailto:dfelus26@gmail.com\">dfelus26@gmail.com<\/a><br \/>06 61 77 36 67<\/p>\n<p><!-- \/wp:paragraph --><!-- wp:paragraph --><\/p>\n<p>\u00a0Le parcours de Denis F\u00e9lus est l&rsquo;histoire de la rencontre entre plusieurs cultures syst\u00e9miques qui tisse une trame globale reliant tous ces champs et \u00e9labor\u00e9e \u00e0 travers un fil p\u00e9dagogique pragmatique&#8230;<\/p>\n<p><!-- \/wp:paragraph --><!-- wp:heading {\"level\":1} --><\/p>\n<h1 class=\"wp-block-heading\">Formations<\/h1>\n<p><!-- \/wp:heading --><!-- wp:paragraph --><\/p>\n<p>&#8211; Docteur en m\u00e9decine<br \/>&#8211; Acupuncteur ( formation AFA depuis 1970)<br \/>&#8211; <a href=\"http:\/\/www.sts-form.com\">Th\u00e9rapeute syst\u00e9micien<\/a> strat\u00e9gique et familial et supervision<br \/>\u00a0\u00a0\u00a0\u00a0 (formation J.A Malarewicz &#8211; Mony Elkaim) <br \/>&#8211; Formateur (formation Unaformec, Auverformec &#8211; p\u00e9dagogie de l&rsquo;\u00e9coute) au<\/p>\n<p><!-- \/wp:paragraph --><!-- wp:heading {\"level\":1} --><\/p>\n<h1 class=\"wp-block-heading\">Tai Chi Chuan<\/h1>\n<p><!-- \/wp:heading --><!-- wp:paragraph --><\/p>\n<p>&#8211; El\u00e8ve personnel de ma\u00eetre Chu King Hung de 1982 \u00e0 1996<br \/>&#8211; Brevet F\u00e9d\u00e9ral d&rsquo;Arts Martiaux Chinois Internes<br \/>&#8211; Fondateur du M.I.T.C.C (1990) devenu la F.M.I.P.T.C (2006) (f\u00e9d\u00e9ration des mvts independants de p\u00e9dagogie corporelle<br \/>&#8211; Co-fondateur de la f\u00e9d\u00e9ration des Tai Chi Chuan Traditionnels<br \/>&#8211; Enseignement du Tai Chi Chuan (formation de formateurs EFPM))<\/p>\n<p><!-- \/wp:paragraph --><!-- wp:heading {\"level\":1} --><\/p>\n<h1 class=\"wp-block-heading\">P\u00e9dagogie<\/h1>\n<p><!-- \/wp:heading --><!-- wp:paragraph --><\/p>\n<p>&#8211; Responsable p\u00e9dagogique de l<a href=\"http:\/\/www.efpm-form.com\" target=\"_blank\" rel=\"noreferrer noopener\">&lsquo;E.F.P.M.<\/a><br \/>&#8211; Organisation de formations (relation &#8211; communication &#8211; th\u00e9rapie strat\u00e9gique)<br \/>&#8211; Supervision de th\u00e9rapeutes et de groupes en difficult\u00e9<br \/>&#8211; Formateur au <a href=\"http:\/\/www.sts-form.com\" target=\"_blank\" rel=\"noreferrer noopener\">Groupe d&rsquo;Etude et de Formation aux Strat\u00e9gies et Th\u00e9rapies Syst\u00e9miques<\/a><\/p>\n<p><!-- \/wp:paragraph --><!-- wp:heading {\"level\":1} --><\/p>\n<h1 class=\"wp-block-heading\">Th\u00e9rapies<\/h1>\n<p><!-- \/wp:heading --><!-- wp:paragraph --><\/p>\n<p>Praticien au Centre M\u00e9taphores\u00a0 \u00a0<img loading=\"lazy\" decoding=\"async\" src=\"https:\/\/www.fmiptc.com\/images\/liensimg\/arbre4.jpg\" width=\"30\" height=\"49\" \/><br \/>Th\u00e9rapie familiale syst\u00e9mique et strat\u00e9gique\u00a0 \u00a0 \u00a0 \u00a0 \u00a0 \u00a0<br \/>Guilherand granges (valence)<br \/>04 75 81 80 80<\/p>\n<p><!-- \/wp:paragraph --><!-- wp:heading {\"level\":1} --><\/p>\n<h1 class=\"wp-block-heading\">Publications<\/h1>\n<p><!-- \/wp:heading --><!-- wp:paragraph --><\/p>\n<p>\u00a0<\/p>\n<p><!-- \/wp:paragraph --><!-- wp:paragraph --><\/p>\n<p><!-- \/wp:paragraph --><!-- wp:paragraph --><\/p>\n<p><!-- \/wp:paragraph --><!-- wp:paragraph --><\/p>\n<p><!-- \/wp:paragraph --><\/p>\t\t\t\t\t\t<\/div>\n\t\t\t\t<\/div>\n\t\t\t\t\t<\/div>\n\t\t<\/div>\n\t\t\t\t\t\t\t<\/div>\n\t\t<\/section>\n\t\t\t\t<section class=\"elementor-section elementor-top-section elementor-element elementor-element-5c2f051 elementor-section-boxed elementor-section-height-default elementor-section-height-default\" data-id=\"5c2f051\" data-element_type=\"section\">\n\t\t\t\t\t\t<div class=\"elementor-container elementor-column-gap-default\">\n\t\t\t\t\t<div class=\"elementor-column elementor-col-50 elementor-top-column elementor-element elementor-element-6cbe964\" data-id=\"6cbe964\" data-element_type=\"column\">\n\t\t\t<div class=\"elementor-widget-wrap elementor-element-populated\">\n\t\t\t\t\t\t\t\t<div class=\"elementor-element elementor-element-273a3b1 elementor-widget elementor-widget-text-editor\" data-id=\"273a3b1\" data-element_type=\"widget\" data-widget_type=\"text-editor.default\">\n\t\t\t\t<div class=\"elementor-widget-container\">\n\t\t\t\t\t\t\t<p><span style=\"font-weight: bold;\">Tai Chi Chuan \u00ab\u00a0<a href=\"https:\/\/www.fmiptc.com\/?page_id=106\">Les Miroir de soie\u00a0\u00bb<\/a><\/span>\u00a0(2025)\u00a0<\/p>\n<p>Fondements -Philosophie &#8211; P\u00e9dagogie- anatomie &#8211; \u00c9nerg\u00e9tique- Respiration &#8211; Dessins des 108 mouvements\u00a0<br \/>\u00a0&#8211;<strong> r\u00e9\u00e9dit\u00e9 revu et corrig\u00e9 en juillet 2025<\/strong><\/p>\n<p>disponible sur amazon, 29\u20ac54<\/p>\n<p>Ou a clermont ferrand<\/p>\n<p>\u00a0<\/p>\n<p>\u00a0<\/p>\t\t\t\t\t\t<\/div>\n\t\t\t\t<\/div>\n\t\t\t\t\t<\/div>\n\t\t<\/div>\n\t\t\t\t<div class=\"elementor-column elementor-col-25 elementor-top-column elementor-element elementor-element-ff3a39d\" data-id=\"ff3a39d\" data-element_type=\"column\">\n\t\t\t<div class=\"elementor-widget-wrap elementor-element-populated\">\n\t\t\t\t\t\t\t\t<div class=\"elementor-element elementor-element-b2b6b0f elementor-widget elementor-widget-image\" data-id=\"b2b6b0f\" data-element_type=\"widget\" data-widget_type=\"image.default\">\n\t\t\t\t<div class=\"elementor-widget-container\">\n\t\t\t<style>\/*! elementor - v3.14.0 - 26-06-2023 *\/\n.elementor-widget-image{text-align:center}.elementor-widget-image a{display:inline-block}.elementor-widget-image a img[src$=\".svg\"]{width:48px}.elementor-widget-image img{vertical-align:middle;display:inline-block}<\/style>\t\t\t\t\t\t\t\t\t\t\t\t<img loading=\"lazy\" decoding=\"async\" width=\"525\" height=\"633\" src=\"https:\/\/www.fmiptc.com\/wp-content\/uploads\/2025\/05\/Couv-1.jpg\" class=\"attachment-large size-large wp-image-2445\" alt=\"\" srcset=\"https:\/\/www.fmiptc.com\/wp-content\/uploads\/2025\/05\/Couv-1.jpg 547w, https:\/\/www.fmiptc.com\/wp-content\/uploads\/2025\/05\/Couv-1-249x300.jpg 249w\" sizes=\"auto, 100vw\" \/>\t\t\t\t\t\t\t\t\t\t\t\t\t\t\t<\/div>\n\t\t\t\t<\/div>\n\t\t\t\t\t<\/div>\n\t\t<\/div>\n\t\t\t\t<div class=\"elementor-column elementor-col-25 elementor-top-column elementor-element elementor-element-2ec79d2\" data-id=\"2ec79d2\" data-element_type=\"column\">\n\t\t\t<div class=\"elementor-widget-wrap\">\n\t\t\t\t\t\t\t\t\t<\/div>\n\t\t<\/div>\n\t\t\t\t\t\t\t<\/div>\n\t\t<\/section>\n\t\t\t\t<section class=\"elementor-section elementor-top-section elementor-element elementor-element-1036f78 elementor-section-boxed elementor-section-height-default elementor-section-height-default\" data-id=\"1036f78\" data-element_type=\"section\">\n\t\t\t\t\t\t<div class=\"elementor-container elementor-column-gap-default\">\n\t\t\t\t\t<div class=\"elementor-column elementor-col-100 elementor-top-column elementor-element elementor-element-f5cc3b2\" data-id=\"f5cc3b2\" data-element_type=\"column\">\n\t\t\t<div class=\"elementor-widget-wrap elementor-element-populated\">\n\t\t\t\t\t\t\t\t<div class=\"elementor-element elementor-element-12a8df1 elementor-widget elementor-widget-text-editor\" data-id=\"12a8df1\" data-element_type=\"widget\" data-widget_type=\"text-editor.default\">\n\t\t\t\t<div class=\"elementor-widget-container\">\n\t\t\t\t\t\t\t<p><strong><a href=\"https:\/\/www.fmiptc.com\/?page_id=106\">\u00ab\u00a0Tui Shou &#8211; La voie du milieu<\/a>\u00a0\u00bb\u00a0<\/strong>(2005)<\/p>\n<p>Essai (170 p ) sur pouss\u00e9e des mains &#8211; 30 \u20ac sur commande<br \/>Ouvrage traitant \u00e0 la fois &#8211; des techniques de Tui Shou les plus \u00e9labor\u00e9es et &#8211; des enjeux des relations qui s&rsquo;y jouent, mod\u00e8les de notre relation au monde: les syst\u00e8mes en action&#8230;<\/p>\n<p>\u00a0<\/p>\n<p>\u00a0<strong>Revue perspectives psychiatriques<\/strong><br \/>&#8211; N\u00b0 54 &#8211; N\u00b0 56\u00a0 perspectives crois\u00e9es<\/p>\n<p>\u00a0<\/p>\n<p><strong><a href=\"https:\/\/www.editions-harmattan.fr\/livre-9782140282430?utm_source=phplist&amp;utm_campaign=message_34736&amp;utm_medium=email&amp;utm_content=lienTitre\">Th\u00e9rapie syst\u00e9mique individuelle et familiale<\/a><\/strong>\u00a0(octobre 2022)<br \/>R\u00e9sonances, m\u00e9taphores, strat\u00e9gies<\/p>\n<p>\u00a0<\/p>\n<p><em>A commander sur le site \u00e9diteur &#8211; l&rsquo;Harmattan (lien)<\/em>\u00a0ou amazon.fr &#8211; 23\u20ac50 &#8211;<br \/>Ce livre invite \u00e0 un regard syst\u00e9mique original fond\u00e9 sur l&rsquo;immanence, la puissance du sens, des apprentissages, dans des entretiens vivants, o\u00f9 les \u00e9motions deviennent moteurs des transformations. Il propose une vision des processus de changement, du langage m\u00e9taphorique, de d\u00e9calages nourris d&rsquo;apports culturels surprenants o\u00f9 les r\u00e9sonances \u00e9motionnelles offrent la capacit\u00e9 \u00e0 chacun \u00e0 devenir acteur de son monde.<\/p>\n<p>\u00a0<\/p>\n<p><a href=\"https:\/\/www.amazon.fr\/s?k=m%C3%A9taphore+du+monde&amp;__mk_fr_FR=%C3%85M%C3%85%C5%BD%C3%95%C3%91&amp;ref=nb_sb_noss\"><strong>M\u00e9taphores du monde<br \/>Le langage cach\u00e9 des origine<\/strong>s (mars 2024)<\/a><br \/>commande chez amazon. fr &#8211; 13\u20ac &#8211;<\/p>\n<p>\u00a0<\/p>\n<p>Ce livre montre en quoi le langage m\u00e9taphorique est \u00e0 la base de nos apprentissages, de notre communication et de notre mani\u00e8re d&rsquo;\u00eatre dans le monde .<br \/>Le tai chi comme la m\u00e9decine chinoise en sont d&rsquo;ailleurs des illustrations parfaites&#8230;<\/p>\t\t\t\t\t\t<\/div>\n\t\t\t\t<\/div>\n\t\t\t\t\t<\/div>\n\t\t<\/div>\n\t\t\t\t\t\t\t<\/div>\n\t\t<\/section>\n\t\t\t\t\t\t\t<\/div>\n\t\t","protected":false},"excerpt":{"rendered":"<p>Denis F\u00e9lus19 rue Lesdigui\u00e8res 26000 Valencedfelus26@gmail.com06 61 77 36 67 \u00a0Le parcours de Denis F\u00e9lus est l&rsquo;histoire de la rencontre entre plusieurs cultures syst\u00e9miques qui tisse une trame globale reliant tous ces champs et \u00e9labor\u00e9e \u00e0 travers un fil p\u00e9dagogique pragmatique&#8230; Formations &#8211; Docteur en m\u00e9decine&#8211; Acupuncteur ( formation AFA depuis 1970)&#8211; Th\u00e9rapeute syst\u00e9micien strat\u00e9gique &hellip; <\/p>\n<p class=\"link-more\"><a href=\"https:\/\/www.fmiptc.com\/?page_id=103\" class=\"more-link\">Continuer la lecture<span class=\"screen-reader-text\"> de &laquo;&nbsp;Denis F\u00e9lus&nbsp;&raquo;<\/span><\/a><\/p>\n","protected":false},"author":1,"featured_media":0,"parent":0,"menu_order":0,"comment_status":"closed","ping_status":"closed","template":"","meta":{"footnotes":""},"class_list":["post-103","page","type-page","status-publish","hentry"],"_links":{"self":[{"href":"https:\/\/www.fmiptc.com\/index.php?rest_route=\/wp\/v2\/pages\/103","targetHints":{"allow":["GET"]}}],"collection":[{"href":"https:\/\/www.fmiptc.com\/index.php?rest_route=\/wp\/v2\/pages"}],"about":[{"href":"https:\/\/www.fmiptc.com\/index.php?rest_route=\/wp\/v2\/types\/page"}],"author":[{"embeddable":true,"href":"https:\/\/www.fmiptc.com\/index.php?rest_route=\/wp\/v2\/users\/1"}],"replies":[{"embeddable":true,"href":"https:\/\/www.fmiptc.com\/index.php?rest_route=%2Fwp%2Fv2%2Fcomments&post=103"}],"version-history":[{"count":25,"href":"https:\/\/www.fmiptc.com\/index.php?rest_route=\/wp\/v2\/pages\/103\/revisions"}],"predecessor-version":[{"id":2527,"href":"https:\/\/www.fmiptc.com\/index.php?rest_route=\/wp\/v2\/pages\/103\/revisions\/2527"}],"wp:attachment":[{"href":"https:\/\/www.fmiptc.com\/index.php?rest_route=%2Fwp%2Fv2%2Fmedia&parent=103"}],"curies":[{"name":"wp","href":"https:\/\/api.w.org\/{rel}","templated":true}]}}