{"id":106,"date":"2021-06-20T12:31:31","date_gmt":"2021-06-20T10:31:31","guid":{"rendered":"https:\/\/www.fmiptc.com\/?page_id=106"},"modified":"2025-09-04T20:05:15","modified_gmt":"2025-09-04T18:05:15","slug":"ouvrages-denis-felus","status":"publish","type":"page","link":"https:\/\/www.fmiptc.com\/?page_id=106","title":{"rendered":"Ouvrages Denis F\u00e9lus"},"content":{"rendered":"\t\t<div data-elementor-type=\"wp-page\" data-elementor-id=\"106\" class=\"elementor elementor-106\">\n\t\t\t\t\t\t\t\t\t<section class=\"elementor-section elementor-top-section elementor-element elementor-element-5311407f elementor-section-boxed elementor-section-height-default elementor-section-height-default\" data-id=\"5311407f\" data-element_type=\"section\">\n\t\t\t\t\t\t<div class=\"elementor-container elementor-column-gap-default\">\n\t\t\t\t\t<div class=\"elementor-column elementor-col-100 elementor-top-column elementor-element elementor-element-2b101529\" data-id=\"2b101529\" data-element_type=\"column\">\n\t\t\t<div class=\"elementor-widget-wrap elementor-element-populated\">\n\t\t\t\t\t\t\t\t<section class=\"elementor-section elementor-inner-section elementor-element elementor-element-7fb09f3 elementor-section-boxed elementor-section-height-default elementor-section-height-default\" data-id=\"7fb09f3\" data-element_type=\"section\">\n\t\t\t\t\t\t<div class=\"elementor-container elementor-column-gap-default\">\n\t\t\t\t\t<div class=\"elementor-column elementor-col-50 elementor-inner-column elementor-element elementor-element-5e275fa\" data-id=\"5e275fa\" data-element_type=\"column\">\n\t\t\t<div class=\"elementor-widget-wrap elementor-element-populated\">\n\t\t\t\t\t\t\t\t<div class=\"elementor-element elementor-element-718cece elementor-widget elementor-widget-image\" data-id=\"718cece\" data-element_type=\"widget\" data-widget_type=\"image.default\">\n\t\t\t\t<div class=\"elementor-widget-container\">\n\t\t\t<style>\/*! elementor - v3.14.0 - 26-06-2023 *\/\n.elementor-widget-image{text-align:center}.elementor-widget-image a{display:inline-block}.elementor-widget-image a img[src$=\".svg\"]{width:48px}.elementor-widget-image img{vertical-align:middle;display:inline-block}<\/style>\t\t\t\t\t\t\t\t\t\t\t\t<img loading=\"lazy\" decoding=\"async\" width=\"200\" height=\"300\" src=\"https:\/\/www.fmiptc.com\/wp-content\/uploads\/2024\/03\/couv-200x300.jpg\" class=\"attachment-medium size-medium wp-image-1740\" alt=\"\" srcset=\"https:\/\/www.fmiptc.com\/wp-content\/uploads\/2024\/03\/couv-200x300.jpg 200w, https:\/\/www.fmiptc.com\/wp-content\/uploads\/2024\/03\/couv-681x1024.jpg 681w, https:\/\/www.fmiptc.com\/wp-content\/uploads\/2024\/03\/couv.jpg 763w\" sizes=\"auto, 100vw\" \/>\t\t\t\t\t\t\t\t\t\t\t\t\t\t\t<\/div>\n\t\t\t\t<\/div>\n\t\t\t\t\t<\/div>\n\t\t<\/div>\n\t\t\t\t<div class=\"elementor-column elementor-col-50 elementor-inner-column elementor-element elementor-element-8d684a8\" data-id=\"8d684a8\" data-element_type=\"column\">\n\t\t\t<div class=\"elementor-widget-wrap elementor-element-populated\">\n\t\t\t\t\t\t\t\t<div class=\"elementor-element elementor-element-e23aa26 elementor-widget__width-initial elementor-widget elementor-widget-image\" data-id=\"e23aa26\" data-element_type=\"widget\" data-widget_type=\"image.default\">\n\t\t\t\t<div class=\"elementor-widget-container\">\n\t\t\t\t\t\t\t\t\t\t\t\t\t\t\t<img loading=\"lazy\" decoding=\"async\" width=\"249\" height=\"300\" src=\"https:\/\/www.fmiptc.com\/wp-content\/uploads\/2025\/05\/Couv-1-249x300.jpg\" class=\"attachment-medium size-medium wp-image-2445\" alt=\"\" srcset=\"https:\/\/www.fmiptc.com\/wp-content\/uploads\/2025\/05\/Couv-1-249x300.jpg 249w, https:\/\/www.fmiptc.com\/wp-content\/uploads\/2025\/05\/Couv-1.jpg 547w\" sizes=\"auto, 100vw\" \/>\t\t\t\t\t\t\t\t\t\t\t\t\t\t\t<\/div>\n\t\t\t\t<\/div>\n\t\t\t\t\t<\/div>\n\t\t<\/div>\n\t\t\t\t\t\t\t<\/div>\n\t\t<\/section>\n\t\t\t\t<div class=\"elementor-element elementor-element-71cd2a4a elementor-widget__width-initial elementor-widget elementor-widget-text-editor\" data-id=\"71cd2a4a\" data-element_type=\"widget\" data-widget_type=\"text-editor.default\">\n\t\t\t\t<div class=\"elementor-widget-container\">\n\t\t\t<style>\/*! elementor - v3.14.0 - 26-06-2023 *\/\n.elementor-widget-text-editor.elementor-drop-cap-view-stacked .elementor-drop-cap{background-color:#69727d;color:#fff}.elementor-widget-text-editor.elementor-drop-cap-view-framed .elementor-drop-cap{color:#69727d;border:3px solid;background-color:transparent}.elementor-widget-text-editor:not(.elementor-drop-cap-view-default) .elementor-drop-cap{margin-top:8px}.elementor-widget-text-editor:not(.elementor-drop-cap-view-default) .elementor-drop-cap-letter{width:1em;height:1em}.elementor-widget-text-editor .elementor-drop-cap{float:left;text-align:center;line-height:1;font-size:50px}.elementor-widget-text-editor .elementor-drop-cap-letter{display:inline-block}<\/style>\t\t\t\t<h1>Ouvrages de Denis F\u00e9lus<\/h1>\n<p><!-- \/wp:heading --><!-- wp:paragraph --><\/p>\n<h5><strong><em><u>\u00ab\u00a0Tai Chi Chuan &#8211;\u00a0Les Miroirs de soie\u00a0\u00bb\u00a0 2025\u00a0<br \/><\/u><\/em><\/strong><em>essai sur le Tai Chi Chuan<br \/>Fondements, philosophie, principes, pratique<\/em><\/h5>\n<div><em>\u00a0r\u00e9\u00e9dition revue , format 21\/29.7<br \/>disponible sur amazon.fr ou a clermont<\/em><\/div>\n<p><!-- \/wp:paragraph --><!-- wp:paragraph --><\/p>\n<h5><strong><em><u>\u00ab\u00a0Tui Shou &#8211; voie du milieu\u00a0\u00bb<br \/><\/u><\/em><\/strong><em>Essai sur pouss\u00e9e des mains<\/em><\/h5>\n<div><em>\u00a0<\/em><\/div>\n<div><em>\u00a0 \u00a0 \u00a0 \u00a0 \u00a0 \u00a0 \u00a0 \u00a0 \u00a0 \u00a0 \u00a0 \u00a0<\/em><\/div>\n<h3><strong>Th\u00e9rapie syst\u00e9mique individuelle et familiale\u00a0 2022\u00a0 \u00a0 <\/strong>\u00a0<br \/>\u00a0 \u00a0 \u00a0 \u00a0 \u00a0 \u00a0 \u00a0 \u00a0 \u00a0 \u00a0 \u00a0 \u00a0 \u00a0 \u00a0 \u00a0 \u00a0 \u00a0 \u00a0 \u00a0 \u00a0 \u00a0 \u00a0 \u00a0 \u00a0 \u00a0<em>Sur amazon.fr ou l&rsquo;harmattan<\/em><strong><em><br \/><\/em><\/strong><\/h3>\n<h3><strong><span style=\"color: #151313; font-family: Comfortaa, sans-serif; text-align: center;\">M\u00e9taphores du monde\u00a0 \u00a0 \u00a0 \u00a0 \u00a0 \u00a0 \u00a0 2024<\/span><\/strong><br style=\"color: #151313; font-family: Comfortaa, sans-serif; text-align: center;\" \/><span style=\"color: #151313; font-family: Comfortaa, sans-serif; text-align: center;\">Le langage cach\u00e9 des origines\u00a0 \u00a0 \u00a0 \u00a0 \u00a0 \u00a0 \u00a0 \u00a0 \u00a0 \u00a0 \u00a0 \u00a0 \u00a0 \u00a0 \u00a0 \u00a0 \u00a0 \u00a0 \u00a0 \u00a0 \u00a0<em>Sur amazon.fr<\/em><\/span><em><br \/><\/em><\/h3>\n<p><!-- \/wp:paragraph --><!-- wp:heading {\"level\":1} --><\/p>\n<h3><em><u><b>\u00ab\u00a0Tai Chi Chuan &#8211; Les Miroir de soie\u00a0\u00bb<br \/>R\u00e9\u00e9dition 2025<\/b><\/u><\/em><\/h3>\n<div>\n<h3><em>amazon.fr<\/em><\/h3>\n<em><u><b><br \/><\/b><\/u><\/em><\/div>\n<p><!-- \/wp:heading --><!-- wp:paragraph --><\/p>\n<p>Essai 190 pages\u00a0 21\/29.7 sur le tai chi chuan &#8211;\u00a0 r\u00e9\u00e9dit\u00e9 35 ans apr\u00e8s, en juin 2025 &#8211;<a href=\"http:\/\/mitcc.net\/mds\/mds92.pdf\">\u00a0maintenant en ligne&#8230;\u00a0 \u00a0<\/a>24 ans apr\u00e8s, bien sur il a eu a revoir (un peu), \u00e0 ajouter (sur la respiration p ex!) et compl\u00e9ter (beaucoup) -plus de tranquillit\u00e9 aussi&#8230; Il y a encore un peu de mati\u00e8re, et tous les croquis qui restent ad\u00e9quat. Un ouvrage complet sur les origines, les sens, les connaissances n\u00e9cessaires \u00e0 une immersion dans le tai chi chuan<\/p>\n<p><strong><br \/><\/strong><strong style=\"font-size: 1rem;\">Pourquoi faire du Tai Chi Chuan?<\/strong><span style=\"font-size: 1rem;\"> Cet <\/span><a style=\"font-size: 1rem;\" href=\"https:\/\/www.fmiptc.com\/?page_id=96\">art martial<\/a><span style=\"font-size: 1rem;\"> traditionnel d\u2019origine chinoise est de plus en plus connu.C<\/span><strong style=\"font-size: 1rem;\">omment s\u2019assurer que l&rsquo;enseignement propos\u00e9 correspond<\/strong><span style=\"font-size: 1rem;\"> \u00e0 nos envies, nos besoins? <\/span><span style=\"font-size: 1rem;\">Comment savoir si nous pouvons nous y trouver les bienfaits propos\u00e9s comme l\u2019entretien du corps, la relaxation, le bien \u00eatre int\u00e9rieur et une d\u00e9marche de d\u00e9veloppement personnel? <\/span><span style=\"font-size: 1rem;\">Devant la <\/span><strong style=\"font-size: 1rem;\">vari\u00e9t\u00e9 des formes et des enseignement<\/strong><span style=\"font-size: 1rem;\">s, y a-t-il des moyens pour <\/span><strong style=\"font-size: 1rem;\">choisir <\/strong><span style=\"font-size: 1rem;\">ce qui nous convient? Pouvons nous trouver des <\/span><strong style=\"font-size: 1rem;\">rep\u00e8res<\/strong><span style=\"font-size: 1rem;\"> qui nous soient propres? Comment faire pour que le Tai Chi Chuan soit \u00e0 la fois <\/span><strong style=\"font-size: 1rem;\">efficace et plaisant<\/strong><span style=\"font-size: 1rem;\">, une \u00e9cole de la douceur et du bien \u00eatre avec soi et avec les autres? Autant d\u2019interrogations dont l\u2019auteur parle \u00e0 partir de son exp\u00e9rience.\u00a0<br \/><\/span>Les divers champs d&rsquo;intervention professionnels de l&rsquo;Auteur (m\u00e9decin syst\u00e9micien, acupuncteur, formateur, enseignant de tai chi chuan depuis 20 ans) permettent \u00e0 celui-ci l&rsquo;exploration approfondie de nombreuses facettes de la pratique&#8230;\u00a0<br \/><em>Tr\u00e8s concret gr\u00e2ce au fil conducteur qu\u2019offre le Tai Chi Chuan, cet ouvrage trouvera sa place chez tous ceux qui abordent <strong>la personne \u00e0 travers le mouvement <\/strong>qu&rsquo;ils soient simples pratiquants ou professionnels (osteo, kin\u00e9&#8230;)\u00a0<br \/><\/em><em>Il propose une perception des passerelles qui permettent de relier notre pens\u00e9e occidentale et les principes \u00e0 partir desquels ont \u00e9t\u00e9 d\u00e9velopp\u00e9es des pratiques comme le <strong>Tai Chi Chuan<\/strong> et la <strong>m\u00e9decine chinoise<\/strong>. <\/em><em style=\"font-size: 1rem;\">Il aborde les principaux \u00e9l\u00e9ments de la pratique comme : <\/em><span style=\"font-size: 1.125rem;\">\u00a0l<\/span><em style=\"font-size: 1rem;\">a m\u00e9moire, <\/em><span style=\"font-size: 1.125rem;\">\u00a0<\/span><em style=\"font-size: 1rem;\">la physiologie, <\/em><span style=\"font-size: 1.125rem;\">\u00a0<\/span><em style=\"font-size: 1rem;\">l\u2019anatomie, <\/em><em style=\"font-size: 1rem;\">\u00a0l\u2019\u00e9nergie, <\/em><em style=\"font-size: 1rem;\">\u00a0la respiration, <\/em><span style=\"font-size: 1.125rem;\">\u00a0<\/span><em style=\"font-size: 1rem;\">etc\u2026<\/em><span style=\"font-size: 1.125rem;\">Enfin plus de 300 dessins et croquis y dessinent la forme en instantan\u00e9 dispos\u00e9s selon plusieurs orientations personnalisables comme comme un carnet de travail&#8230;<\/span><\/p>\n<div>\n<div style=\"flex-basis: 80%;\">\n<p><!-- \/wp:paragraph --><\/p>\n<\/div>\n<p><!-- \/wp:column --><\/p>\n<\/div>\n<p><!-- \/wp:columns --><!-- wp:paragraph --><\/p>\n<p><!-- \/wp:paragraph --><!-- wp:paragraph --><\/p>\n<p><!-- \/wp:paragraph --><!-- wp:paragraph --><\/p>\n<div>\n<div style=\"flex-basis: 75%;\">\n<p><!-- \/wp:paragraph --><\/p>\n<\/div>\n<p><!-- \/wp:column --><\/p>\n<\/div>\n<p><!-- \/wp:columns --><!-- wp:image {\"align\":\"center\"} --><\/p>\n<figure><img decoding=\"async\" src=\"https:\/\/www.fmiptc.com\/images\/liv\/benpots.gif\" alt=\"\" \/><\/figure>\n<p><!-- \/wp:image --><!-- wp:heading {\"level\":1} --><\/p>\n<h5><em><u>\u00ab\u00a0Tui Shou &#8211; voie du milieu\u00a0\u00bb\u00a0\u00a0<\/u><\/em>Essai (170 pages ) sur pouss\u00e9e des mains &#8211; 30 \u20ac<\/h5>\n<p><!-- \/wp:paragraph --><!-- wp:image --><\/p>\n<figure><img decoding=\"async\" src=\"https:\/\/www.fmiptc.com\/images\/arttcc\/Thou.jpg\" alt=\"\" \/><\/figure>\n<p><!-- \/wp:image --><!-- wp:heading {\"level\":3} --><\/p>\n<p><em>Peu de livres traitent du pouss\u00e9es des mains. <\/em><em>Encore moins tentent une \u00e9tude d\u00e9passant le cadre de la technique. C&rsquo;est le projet de ce livre.<\/em><\/p>\n<p><!-- \/wp:heading --><!-- wp:paragraph --><\/p>\n<p><span style=\"font-size: 1rem;\">Partant du<\/span><span style=\"font-size: 1rem;\">\u00a0<\/span>point de vue traditionnel chinois\u00a0<span style=\"font-size: 1rem;\">d\u2019une part (textes \u00ab dits \u00bbde la famille Yang et autres documents) et de nos connaissances et recherches en<\/span><span style=\"font-size: 1rem;\">\u00a0<\/span>travail relationnel<span style=\"font-size: 1rem;\">\u00a0<\/span><span style=\"font-size: 1rem;\">(strat\u00e9gies et syst\u00e8mes), L\u2019auteur d\u00e9crit une d\u00e9marche permettant \u00e0 ceux qui le souhaitednt<\/span><span style=\"font-size: 1rem;\">\u00a0une compr\u00e9hension ouverte de ces techniques et des projets que chacun peut faire \u00e0 travers leur pratique.<\/span><\/p>\n<p><!-- \/wp:paragraph --><!-- wp:paragraph --><\/p>\n<p>Le regard, l\u2019approche et l\u2019usage qui en sont propos\u00e9s sont ceux d\u2019une p\u00e9dagogie o\u00f9 la technique propos\u00e9e est au service de la personne et de la relation dans tous les domaines.(29.54 euro<\/p>\n<p><!-- \/wp:paragraph --><!-- wp:paragraph --><\/p>\n<p>\u00a0<\/p>\n<p><!-- \/wp:paragraph --><\/p>\t\t\t\t\t\t<\/div>\n\t\t\t\t<\/div>\n\t\t\t\t\t<\/div>\n\t\t<\/div>\n\t\t\t\t\t\t\t<\/div>\n\t\t<\/section>\n\t\t\t\t<section class=\"elementor-section elementor-top-section elementor-element elementor-element-cc54c72 elementor-section-boxed elementor-section-height-default elementor-section-height-default\" data-id=\"cc54c72\" data-element_type=\"section\">\n\t\t\t\t\t\t<div class=\"elementor-container elementor-column-gap-default\">\n\t\t\t\t\t<div class=\"elementor-column elementor-col-100 elementor-top-column elementor-element elementor-element-80f5fc4\" data-id=\"80f5fc4\" data-element_type=\"column\">\n\t\t\t<div class=\"elementor-widget-wrap\">\n\t\t\t\t\t\t\t\t\t<\/div>\n\t\t<\/div>\n\t\t\t\t\t\t\t<\/div>\n\t\t<\/section>\n\t\t\t\t<section class=\"elementor-section elementor-top-section elementor-element elementor-element-0f54e48 elementor-section-boxed elementor-section-height-default elementor-section-height-default\" data-id=\"0f54e48\" data-element_type=\"section\">\n\t\t\t\t\t\t<div class=\"elementor-container elementor-column-gap-default\">\n\t\t\t\t\t<div class=\"elementor-column elementor-col-50 elementor-top-column elementor-element elementor-element-54c54bb\" data-id=\"54c54bb\" data-element_type=\"column\">\n\t\t\t<div class=\"elementor-widget-wrap elementor-element-populated\">\n\t\t\t\t\t\t\t\t<div class=\"elementor-element elementor-element-11c7d8c elementor-widget elementor-widget-text-editor\" data-id=\"11c7d8c\" data-element_type=\"widget\" data-widget_type=\"text-editor.default\">\n\t\t\t\t<div class=\"elementor-widget-container\">\n\t\t\t\t\t\t\t<p><!-- wp:paragraph --><\/p>\n<p><strong><a href=\"https:\/\/www.editions-harmattan.fr\/livre-9782140282430?utm_source=phplist&amp;utm_campaign=message_34736&amp;utm_medium=email&amp;utm_content=lienTitre\">Th\u00e9rapie syst\u00e9mique individuelle et familiale<\/a><\/strong> octobre 2022<br \/>R\u00e9sonances, m\u00e9taphores, strat\u00e9gies<\/p>\n<p><!-- \/wp:paragraph --><!-- wp:paragraph --><\/p>\n<p><em>A commander sur le site \u00e9diteur (lien) ou amazon.fr<\/em><br \/>Ce livre invite \u00e0 un regard syst\u00e9mique original fond\u00e9 sur l&rsquo;immanence, la puissance du sens, des apprentissages, dans des entretiens vivants, o\u00f9 les \u00e9motions deviennent moteurs des transformations. Il propose une vision des processus de changement, du langage m\u00e9taphorique, de d\u00e9calages nourris d&rsquo;apports culturels surprenants o\u00f9 les r\u00e9sonances \u00e9motionnelles offrent la capacit\u00e9 \u00e0 chacun \u00e0 devenir acteur de son monde.<\/p>\n<p><a href=\"https:\/\/www.editions-harmattan.fr\/livre-la_therapie_systemique_individuelle_et_familiale_resonances_metaphores_strategies_denis_felus_michael_felus-9782140282430-74603.html\">commander<\/a> chez l&rsquo;harmattan<\/p>\n<p><!-- \/wp:paragraph --><\/p>\t\t\t\t\t\t<\/div>\n\t\t\t\t<\/div>\n\t\t\t\t\t<\/div>\n\t\t<\/div>\n\t\t\t\t<div class=\"elementor-column elementor-col-25 elementor-top-column elementor-element elementor-element-94e5bd9\" data-id=\"94e5bd9\" data-element_type=\"column\">\n\t\t\t<div class=\"elementor-widget-wrap elementor-element-populated\">\n\t\t\t\t\t\t\t\t<div class=\"elementor-element elementor-element-b43d451 elementor-widget elementor-widget-image\" data-id=\"b43d451\" data-element_type=\"widget\" data-widget_type=\"image.default\">\n\t\t\t\t<div class=\"elementor-widget-container\">\n\t\t\t\t\t\t\t\t\t\t\t\t\t\t\t\t<a href=\"https:\/\/www.editions-harmattan.fr\/livre-9782140282430?utm_source=phplist&#038;utm_campaign=message_34736&#038;utm_medium=email&#038;utm_content=lienTitre\">\n\t\t\t\t\t\t\t<img loading=\"lazy\" decoding=\"async\" width=\"385\" height=\"601\" src=\"https:\/\/www.fmiptc.com\/wp-content\/uploads\/2022\/10\/couverture.jpg\" class=\"attachment-large size-large wp-image-945\" alt=\"\" srcset=\"https:\/\/www.fmiptc.com\/wp-content\/uploads\/2022\/10\/couverture.jpg 385w, https:\/\/www.fmiptc.com\/wp-content\/uploads\/2022\/10\/couverture-192x300.jpg 192w\" sizes=\"auto, 100vw\" \/>\t\t\t\t\t\t\t\t<\/a>\n\t\t\t\t\t\t\t\t\t\t\t\t\t\t\t<\/div>\n\t\t\t\t<\/div>\n\t\t\t\t\t<\/div>\n\t\t<\/div>\n\t\t\t\t<div class=\"elementor-column elementor-col-25 elementor-top-column elementor-element elementor-element-571a4d2\" data-id=\"571a4d2\" data-element_type=\"column\">\n\t\t\t<div class=\"elementor-widget-wrap\">\n\t\t\t\t\t\t\t\t\t<\/div>\n\t\t<\/div>\n\t\t\t\t\t\t\t<\/div>\n\t\t<\/section>\n\t\t\t\t<section class=\"elementor-section elementor-top-section elementor-element elementor-element-5a9a56b elementor-section-boxed elementor-section-height-default elementor-section-height-default\" data-id=\"5a9a56b\" data-element_type=\"section\">\n\t\t\t\t\t\t<div class=\"elementor-container elementor-column-gap-default\">\n\t\t\t\t\t<div class=\"elementor-column elementor-col-33 elementor-top-column elementor-element elementor-element-15dddf8\" data-id=\"15dddf8\" data-element_type=\"column\">\n\t\t\t<div class=\"elementor-widget-wrap elementor-element-populated\">\n\t\t\t\t\t\t\t\t<div class=\"elementor-element elementor-element-299ebf1 elementor-widget elementor-widget-image\" data-id=\"299ebf1\" data-element_type=\"widget\" data-widget_type=\"image.default\">\n\t\t\t\t<div class=\"elementor-widget-container\">\n\t\t\t\t\t\t\t\t\t\t\t\t\t\t\t\t<a href=\"https:\/\/www.amazon.fr\/s?k=m\u00e9taphore+du+monde&#038;__mk_fr_FR=\u00c5M\u00c5\u017d\u00d5\u00d1&#038;ref=nb_sb_noss\">\n\t\t\t\t\t\t\t<img loading=\"lazy\" decoding=\"async\" width=\"525\" height=\"789\" src=\"https:\/\/www.fmiptc.com\/wp-content\/uploads\/2024\/03\/couv-681x1024.jpg\" class=\"attachment-large size-large wp-image-1740\" alt=\"\" srcset=\"https:\/\/www.fmiptc.com\/wp-content\/uploads\/2024\/03\/couv-681x1024.jpg 681w, https:\/\/www.fmiptc.com\/wp-content\/uploads\/2024\/03\/couv-200x300.jpg 200w, https:\/\/www.fmiptc.com\/wp-content\/uploads\/2024\/03\/couv.jpg 763w\" sizes=\"auto, 100vw\" \/>\t\t\t\t\t\t\t\t<\/a>\n\t\t\t\t\t\t\t\t\t\t\t\t\t\t\t<\/div>\n\t\t\t\t<\/div>\n\t\t\t\t\t<\/div>\n\t\t<\/div>\n\t\t\t\t<div class=\"elementor-column elementor-col-33 elementor-top-column elementor-element elementor-element-1de854b\" data-id=\"1de854b\" data-element_type=\"column\">\n\t\t\t<div class=\"elementor-widget-wrap elementor-element-populated\">\n\t\t\t\t\t\t\t\t<div class=\"elementor-element elementor-element-b038b6a elementor-widget elementor-widget-text-editor\" data-id=\"b038b6a\" data-element_type=\"widget\" data-widget_type=\"text-editor.default\">\n\t\t\t\t<div class=\"elementor-widget-container\">\n\t\t\t\t\t\t\t<h4>M\u00e9taphores du monde\u00a0<br \/>Le langage cach\u00e9 des origines<\/h4>\n<p>mars 2024<\/p>\n<p>Ce livre montre en quoi le langage m\u00e9taphorique est \u00e0 la base de nos apprentissages, de notre communication et de notre mani\u00e8re d&rsquo;\u00eatre dans le monde . <br \/>Le tai chi comme la m\u00e9decine chinoise en sont d&rsquo;ailleurs des illustrations parfaites&#8230;<\/p>\n<p><a href=\"https:\/\/www.amazon.fr\/s?k=m\u00e9taphore+du+monde&amp;__mk_fr_FR=\u00c5M\u00c5\u017d\u00d5\u00d1&amp;ref=nb_sb_noss\">chez amazon.fr 13\u20ac<\/a><\/p>\n<p>\u00a0<\/p>\t\t\t\t\t\t<\/div>\n\t\t\t\t<\/div>\n\t\t\t\t\t<\/div>\n\t\t<\/div>\n\t\t\t\t<div class=\"elementor-column elementor-col-33 elementor-top-column elementor-element elementor-element-1586fd0\" data-id=\"1586fd0\" data-element_type=\"column\">\n\t\t\t<div class=\"elementor-widget-wrap\">\n\t\t\t\t\t\t\t\t\t<\/div>\n\t\t<\/div>\n\t\t\t\t\t\t\t<\/div>\n\t\t<\/section>\n\t\t\t\t\t\t\t<\/div>\n\t\t","protected":false},"excerpt":{"rendered":"<p>Ouvrages de Denis F\u00e9lus \u00ab\u00a0Tai Chi Chuan &#8211;\u00a0Les Miroirs de soie\u00a0\u00bb\u00a0 2025\u00a0essai sur le Tai Chi ChuanFondements, philosophie, principes, pratique \u00a0r\u00e9\u00e9dition revue , format 21\/29.7disponible sur amazon.fr ou a clermont \u00ab\u00a0Tui Shou &#8211; voie du milieu\u00a0\u00bbEssai sur pouss\u00e9e des mains \u00a0 \u00a0 \u00a0 \u00a0 \u00a0 \u00a0 \u00a0 \u00a0 \u00a0 \u00a0 \u00a0 \u00a0 \u00a0 Th\u00e9rapie syst\u00e9mique &hellip; <\/p>\n<p class=\"link-more\"><a href=\"https:\/\/www.fmiptc.com\/?page_id=106\" class=\"more-link\">Continuer la lecture<span class=\"screen-reader-text\"> de &laquo;&nbsp;Ouvrages Denis F\u00e9lus&nbsp;&raquo;<\/span><\/a><\/p>\n","protected":false},"author":1,"featured_media":0,"parent":0,"menu_order":0,"comment_status":"closed","ping_status":"closed","template":"","meta":{"footnotes":""},"class_list":["post-106","page","type-page","status-publish","hentry"],"_links":{"self":[{"href":"https:\/\/www.fmiptc.com\/index.php?rest_route=\/wp\/v2\/pages\/106","targetHints":{"allow":["GET"]}}],"collection":[{"href":"https:\/\/www.fmiptc.com\/index.php?rest_route=\/wp\/v2\/pages"}],"about":[{"href":"https:\/\/www.fmiptc.com\/index.php?rest_route=\/wp\/v2\/types\/page"}],"author":[{"embeddable":true,"href":"https:\/\/www.fmiptc.com\/index.php?rest_route=\/wp\/v2\/users\/1"}],"replies":[{"embeddable":true,"href":"https:\/\/www.fmiptc.com\/index.php?rest_route=%2Fwp%2Fv2%2Fcomments&post=106"}],"version-history":[{"count":64,"href":"https:\/\/www.fmiptc.com\/index.php?rest_route=\/wp\/v2\/pages\/106\/revisions"}],"predecessor-version":[{"id":2533,"href":"https:\/\/www.fmiptc.com\/index.php?rest_route=\/wp\/v2\/pages\/106\/revisions\/2533"}],"wp:attachment":[{"href":"https:\/\/www.fmiptc.com\/index.php?rest_route=%2Fwp%2Fv2%2Fmedia&parent=106"}],"curies":[{"name":"wp","href":"https:\/\/api.w.org\/{rel}","templated":true}]}}