{"id":107,"date":"2021-06-20T12:31:31","date_gmt":"2021-06-20T10:31:31","guid":{"rendered":"https:\/\/www.fmiptc.com\/?page_id=107"},"modified":"2021-07-31T18:46:36","modified_gmt":"2021-07-31T16:46:36","slug":"bibliographie","status":"publish","type":"page","link":"https:\/\/www.fmiptc.com\/?page_id=107","title":{"rendered":"Bibliographie"},"content":{"rendered":"\n<h1 class=\"wp-block-heading\">Bibliographie<\/h1>\n\n\n\n<p>pour plus de pr\u00e9cisions sur ces r\u00e9f\u00e9rences, la plupart d&rsquo;entre elles ont un lien web&#8230;<br><\/p>\n\n\n\n<h2 class=\"wp-block-heading\">A propos du tai chi chuan<\/h2>\n\n\n\n<p>Catherine Despeux ou J Gortais: tai chi chuan<br>Pour la recollection des textes \u00ab\u00a0anciens\u00a0\u00bb<\/p>\n\n\n\n<p><a href=\"https:\/\/www.fmiptc.com\/?page_id=103\">Denis F\u00e9lus<\/a>: <a href=\"https:\/\/www.fmiptc.com\/?page_id=106\">Miroir de soie et tui shou, voie du milieu<br><\/a>pour le sens et les dessins de la forme<\/p>\n\n\n\n<p><a href=\"http:\/\/www.cefc.com.hk\/pccpa.php?aid=2339&amp;lg=fr\">Georges Favraud<\/a>: th\u00e8se de doctorat<br>pour une r\u00e9flexion personnelle sur les rives et les d\u00e9rives du tai chi dans son histoire,<br>un \u00e9largissement du regard hors de la forme&#8230;<\/p>\n\n\n\n<h2 class=\"wp-block-heading\">A propos de la pens\u00e9e chinoise<\/h2>\n\n\n\n<p><a href=\"http:\/\/fr.wikipedia.org\/wiki\/Fran%c3%a7ois_Jullien\"><strong>Fran\u00e7ois Jullien<\/strong><\/a><br>&#8211; Un sage n&rsquo;a pas d&rsquo;id\u00e9es<br>&#8211; Le d\u00e9tour et l&rsquo;acc\u00e8s<br>et tous les autres, pour la pertinence de la r\u00e9flexion \u00e0 la fois profonde et distanci\u00e9e sur les relations entre nos deux repr\u00e9sentations du monde<\/p>\n\n\n\n<p><a href=\"http:\/\/fr.wikipedia.org\/wiki\/Marcel_Granet\">Marcel Granet<br><\/a>la pens\u00e9e chinoise<br>pour les premiers pas dans ces rep\u00e8res diff\u00e9rents<\/p>\n\n\n\n<p><a href=\"http:\/\/www.chroniques-taoistes.com\/f\">Tchouang Tseu<br><\/a>oeuvres compl\u00e8tes<br>trad Liou Kia Way<br>mais aussi des rensignements sur ce site<\/p>\n\n\n\n<p><strong>JM Billeter<\/strong><br>essai sur Tchouang Tseu<\/p>\n\n\n\n<p>Jean Marc Kespi:<br>Acupuncture<br>un ouvrage sur l&rsquo;acupuncture complet et \u00e9vitant de fumer la moquette<\/p>\n\n\n\n<h2 class=\"wp-block-heading\">Pour les \u00e9l\u00e9ments p\u00e9dagogiques<\/h2>\n\n\n\n<p><strong>&#8211; F. Veldman<\/strong><em><br>\u201cHaptonomie, science de l&rsquo;affectivit\u00e9\u201d<\/em> \u2013 Ed. PUF<br>car c&rsquo;est un peu tui shou&#8230;<\/p>\n\n\n\n<p>&#8211; <a href=\"http:\/\/www.calais-germain.com\/\">Blandine Calais Germain<\/a>:<br>Anatomie pour le mouvement<br>pour la qualit\u00e9 et la lisibilit\u00e9 des dessins<\/p>\n\n\n\n<p>&#8211; <a href=\"http:\/\/www.methode-gds.com\/\">Godelieve Struyfs Denys<br><\/a>&#8211; L Bousquet: les chaines musculaire<em>s ed Frison Roche<br><br><\/em>deux livres, deux regards sur ces liens int\u00e9rieurs<\/p>\n","protected":false},"excerpt":{"rendered":"<p>Bibliographie pour plus de pr\u00e9cisions sur ces r\u00e9f\u00e9rences, la plupart d&rsquo;entre elles ont un lien web&#8230; A propos du tai chi chuan Catherine Despeux ou J Gortais: tai chi chuanPour la recollection des textes \u00ab\u00a0anciens\u00a0\u00bb Denis F\u00e9lus: Miroir de soie et tui shou, voie du milieupour le sens et les dessins de la forme Georges &hellip; <\/p>\n<p class=\"link-more\"><a href=\"https:\/\/www.fmiptc.com\/?page_id=107\" class=\"more-link\">Continuer la lecture<span class=\"screen-reader-text\"> de &laquo;&nbsp;Bibliographie&nbsp;&raquo;<\/span><\/a><\/p>\n","protected":false},"author":1,"featured_media":0,"parent":0,"menu_order":0,"comment_status":"closed","ping_status":"closed","template":"","meta":{"footnotes":""},"class_list":["post-107","page","type-page","status-publish","hentry"],"_links":{"self":[{"href":"https:\/\/www.fmiptc.com\/index.php?rest_route=\/wp\/v2\/pages\/107","targetHints":{"allow":["GET"]}}],"collection":[{"href":"https:\/\/www.fmiptc.com\/index.php?rest_route=\/wp\/v2\/pages"}],"about":[{"href":"https:\/\/www.fmiptc.com\/index.php?rest_route=\/wp\/v2\/types\/page"}],"author":[{"embeddable":true,"href":"https:\/\/www.fmiptc.com\/index.php?rest_route=\/wp\/v2\/users\/1"}],"replies":[{"embeddable":true,"href":"https:\/\/www.fmiptc.com\/index.php?rest_route=%2Fwp%2Fv2%2Fcomments&post=107"}],"version-history":[{"count":3,"href":"https:\/\/www.fmiptc.com\/index.php?rest_route=\/wp\/v2\/pages\/107\/revisions"}],"predecessor-version":[{"id":520,"href":"https:\/\/www.fmiptc.com\/index.php?rest_route=\/wp\/v2\/pages\/107\/revisions\/520"}],"wp:attachment":[{"href":"https:\/\/www.fmiptc.com\/index.php?rest_route=%2Fwp%2Fv2%2Fmedia&parent=107"}],"curies":[{"name":"wp","href":"https:\/\/api.w.org\/{rel}","templated":true}]}}