{"id":109,"date":"2021-06-20T12:31:31","date_gmt":"2021-06-20T10:31:31","guid":{"rendered":"https:\/\/www.fmiptc.com\/?page_id=109"},"modified":"2021-07-04T14:04:56","modified_gmt":"2021-07-04T12:04:56","slug":"videos","status":"publish","type":"page","link":"https:\/\/www.fmiptc.com\/?page_id=109","title":{"rendered":"Vid\u00e9os"},"content":{"rendered":"\n<h1 class=\"has-text-align-center wp-block-heading\">Quelques sites ou curiosit\u00e9s video<\/h1>\n\n\n\n<p class=\"has-text-align-center\">&nbsp;en construction permanente avec vos envois&#8230;&#8230;<\/p>\n\n\n\n<div class=\"wp-block-image\"><figure class=\"aligncenter\"><img decoding=\"async\" src=\"https:\/\/www.fmiptc.com\/images\/vid\/chv.gif\" alt=\"\"\/><\/figure><\/div>\n\n\n\n<p>Quelques formes de tai chi plus ou moins connues<br><br><a href=\"https:\/\/www.fmiptc.com\/images\/vid\/cmch.wmv\" target=\"_blank\" rel=\"noreferrer noopener\"><img decoding=\"async\" width=\"70\" src=\"https:\/\/www.fmiptc.com\/images\/vid\/cmch.jpg\"><\/a> Chen man Ching par lui m\u00eame<\/p>\n\n\n\n<h1 class=\"wp-block-heading\">Autres<\/h1>\n\n\n\n<p>You tube<\/p>\n\n\n\n<p>forme 1<\/p>\n\n\n\n<figure class=\"wp-block-embed is-type-video is-provider-youtube wp-block-embed-youtube wp-embed-aspect-4-3 wp-has-aspect-ratio\"><div class=\"wp-block-embed__wrapper\">\nhttps:\/\/www.youtube.com\/watch?v=uFtbhjnHWPI\n<\/div><\/figure>\n\n\n\n<p><br>forme 2<\/p>\n\n\n\n<figure class=\"wp-block-embed is-type-video is-provider-youtube wp-block-embed-youtube wp-embed-aspect-4-3 wp-has-aspect-ratio\"><div class=\"wp-block-embed__wrapper\">\n<iframe loading=\"lazy\" title=\"Tai Chi Chuan. Forme Yang. Partie 2, &quot;L&#039;Homme&quot;\" width=\"525\" height=\"394\" src=\"https:\/\/www.youtube.com\/embed\/fHbxQc-I1wQ?feature=oembed\" frameborder=\"0\" allow=\"accelerometer; autoplay; clipboard-write; encrypted-media; gyroscope; picture-in-picture; web-share\" referrerpolicy=\"strict-origin-when-cross-origin\" allowfullscreen><\/iframe>\n<\/div><\/figure>\n\n\n\n<p><br>forme 3<\/p>\n\n\n\n<figure class=\"wp-block-embed is-type-video is-provider-youtube wp-block-embed-youtube wp-embed-aspect-4-3 wp-has-aspect-ratio\"><div class=\"wp-block-embed__wrapper\">\n<iframe loading=\"lazy\" title=\"Tai Chi Chuan , Forme &quot;Yang&quot;,  Partie 3, &quot;Le Ciel&quot;.\" width=\"525\" height=\"394\" src=\"https:\/\/www.youtube.com\/embed\/ckafltTK_KI?feature=oembed\" frameborder=\"0\" allow=\"accelerometer; autoplay; clipboard-write; encrypted-media; gyroscope; picture-in-picture; web-share\" referrerpolicy=\"strict-origin-when-cross-origin\" allowfullscreen><\/iframe>\n<\/div><\/figure>\n\n\n\n<h1 class=\"wp-block-heading\">Curiosit\u00e9s&#8230;<\/h1>\n\n\n\n<h3 class=\"wp-block-heading\">&nbsp;Aiki Do et Handicap\u00e9s<\/h3>\n\n\n\n<p>&nbsp; http:\/\/www.tvlocale.fr\/r36-occitanie\/tv-ligue-ffab-aikido-midi-pyrenees-la-ligue-de-midi-pyren.html?vod=14528Bonjour<\/p>\n\n\n\n<div class=\"wp-block-columns is-layout-flex wp-container-core-columns-is-layout-9d6595d7 wp-block-columns-is-layout-flex\">\n<div class=\"wp-block-column is-vertically-aligned-top is-layout-flow wp-block-column-is-layout-flow\" style=\"flex-basis:50%\">\n<div class=\"wp-block-group\"><div class=\"wp-block-group__inner-container is-layout-flow wp-block-group-is-layout-flow\">\n<figure class=\"wp-block-image size-large is-resized\"><img loading=\"lazy\" decoding=\"async\" src=\"https:\/\/www.fmiptc.com\/images\/vid\/chl.jpg\" alt=\"\" width=\"192\" height=\"180\"\/><\/figure>\n<\/div><\/div>\n<\/div>\n\n\n\n<div class=\"wp-block-column is-layout-flow wp-block-column-is-layout-flow\" style=\"flex-basis:137%\">\n<p><\/p>\n\n\n\n<p><a href=\"https:\/\/www.fmiptc.com\/images\/vid\/chl.pps\" target=\"_blank\" rel=\"noreferrer noopener\">anatomie transparente<\/a><br>\u00ab\u00a0le singe offre des fruits&#8230;\u00a0\u00bb<\/p>\n<\/div>\n<\/div>\n\n\n\n<h1 class=\"wp-block-heading\">\u00e9ducation<\/h1>\n\n\n\n<p>Film documentaire p\u00e9dagogique<br>l&rsquo;argent ne fait pas le bonheur de tous&#8230;<br><a href=\"http:\/\/www.vimeo.com\/1711304\" target=\"_blank\" rel=\"noreferrer noopener\">mais contribue a celui de certains<\/a><\/p>\n\n\n\n<h2 class=\"wp-block-heading\">&nbsp;Plaisir des yeux<\/h2>\n\n\n\n<figure class=\"wp-block-image\"><img decoding=\"async\" src=\"https:\/\/www.fmiptc.com\/images\/vid\/feuille.jpg\" alt=\"\"\/><\/figure>\n\n\n\n<h3 class=\"wp-block-heading\">\u00a0 <a href=\"https:\/\/www.fmiptc.com\/images\/vid\/feuille.pps\" target=\"_blank\" rel=\"noreferrer noopener\">ou l&rsquo;art du plein et du vide<br>\u00a0 en pps\u00a0 (powerpoint)<\/a><\/h3>\n","protected":false},"excerpt":{"rendered":"<p>Quelques sites ou curiosit\u00e9s video &nbsp;en construction permanente avec vos envois&#8230;&#8230; Quelques formes de tai chi plus ou moins connues Chen man Ching par lui m\u00eame Autres You tube forme 1 forme 2 forme 3 Curiosit\u00e9s&#8230; &nbsp;Aiki Do et Handicap\u00e9s &nbsp; http:\/\/www.tvlocale.fr\/r36-occitanie\/tv-ligue-ffab-aikido-midi-pyrenees-la-ligue-de-midi-pyren.html?vod=14528Bonjour anatomie transparente\u00ab\u00a0le singe offre des fruits&#8230;\u00a0\u00bb \u00e9ducation Film documentaire p\u00e9dagogiquel&rsquo;argent ne fait pas &hellip; <\/p>\n<p class=\"link-more\"><a href=\"https:\/\/www.fmiptc.com\/?page_id=109\" class=\"more-link\">Continuer la lecture<span class=\"screen-reader-text\"> de &laquo;&nbsp;Vid\u00e9os&nbsp;&raquo;<\/span><\/a><\/p>\n","protected":false},"author":1,"featured_media":0,"parent":0,"menu_order":0,"comment_status":"closed","ping_status":"closed","template":"","meta":{"footnotes":""},"class_list":["post-109","page","type-page","status-publish","hentry"],"_links":{"self":[{"href":"https:\/\/www.fmiptc.com\/index.php?rest_route=\/wp\/v2\/pages\/109","targetHints":{"allow":["GET"]}}],"collection":[{"href":"https:\/\/www.fmiptc.com\/index.php?rest_route=\/wp\/v2\/pages"}],"about":[{"href":"https:\/\/www.fmiptc.com\/index.php?rest_route=\/wp\/v2\/types\/page"}],"author":[{"embeddable":true,"href":"https:\/\/www.fmiptc.com\/index.php?rest_route=\/wp\/v2\/users\/1"}],"replies":[{"embeddable":true,"href":"https:\/\/www.fmiptc.com\/index.php?rest_route=%2Fwp%2Fv2%2Fcomments&post=109"}],"version-history":[{"count":5,"href":"https:\/\/www.fmiptc.com\/index.php?rest_route=\/wp\/v2\/pages\/109\/revisions"}],"predecessor-version":[{"id":401,"href":"https:\/\/www.fmiptc.com\/index.php?rest_route=\/wp\/v2\/pages\/109\/revisions\/401"}],"wp:attachment":[{"href":"https:\/\/www.fmiptc.com\/index.php?rest_route=%2Fwp%2Fv2%2Fmedia&parent=109"}],"curies":[{"name":"wp","href":"https:\/\/api.w.org\/{rel}","templated":true}]}}