{"id":111,"date":"2021-06-20T12:31:31","date_gmt":"2021-06-20T10:31:31","guid":{"rendered":"https:\/\/www.fmiptc.com\/?page_id=111"},"modified":"2026-01-07T18:45:52","modified_gmt":"2026-01-07T17:45:52","slug":"tous-les-cours","status":"publish","type":"page","link":"https:\/\/www.fmiptc.com\/?page_id=111","title":{"rendered":"Tous les cours"},"content":{"rendered":"\t\t<div data-elementor-type=\"wp-page\" data-elementor-id=\"111\" class=\"elementor elementor-111\">\n\t\t\t\t\t\t\t\t\t<section class=\"elementor-section elementor-top-section elementor-element elementor-element-59fd2673 elementor-section-boxed elementor-section-height-default elementor-section-height-default\" data-id=\"59fd2673\" data-element_type=\"section\">\n\t\t\t\t\t\t<div class=\"elementor-container elementor-column-gap-default\">\n\t\t\t\t\t<div class=\"elementor-column elementor-col-100 elementor-top-column elementor-element elementor-element-310e2cb2\" data-id=\"310e2cb2\" data-element_type=\"column\">\n\t\t\t<div class=\"elementor-widget-wrap elementor-element-populated\">\n\t\t\t\t\t\t\t\t<div class=\"elementor-element elementor-element-3245137a elementor-widget elementor-widget-text-editor\" data-id=\"3245137a\" data-element_type=\"widget\" data-widget_type=\"text-editor.default\">\n\t\t\t\t<div class=\"elementor-widget-container\">\n\t\t\t<style>\/*! elementor - v3.14.0 - 26-06-2023 *\/\n.elementor-widget-text-editor.elementor-drop-cap-view-stacked .elementor-drop-cap{background-color:#69727d;color:#fff}.elementor-widget-text-editor.elementor-drop-cap-view-framed .elementor-drop-cap{color:#69727d;border:3px solid;background-color:transparent}.elementor-widget-text-editor:not(.elementor-drop-cap-view-default) .elementor-drop-cap{margin-top:8px}.elementor-widget-text-editor:not(.elementor-drop-cap-view-default) .elementor-drop-cap-letter{width:1em;height:1em}.elementor-widget-text-editor .elementor-drop-cap{float:left;text-align:center;line-height:1;font-size:50px}.elementor-widget-text-editor .elementor-drop-cap-letter{display:inline-block}<\/style>\t\t\t\t<h1 class=\"has-text-align-center\">Tous les cours de la F.M.I.P.T.C<\/h1><p class=\"has-text-align-center\"><strong><a href=\"https:\/\/www.fmiptc.com\/?page_id=276\">Cliquez ici pour voir les sites Web des associations de la f\u00e9d\u00e9<\/a> <\/strong><\/p><p>Liste de toutes les associations de la f\u00e9d\u00e9ration :<\/p><figure class=\"wp-block-table\"><table><tbody><tr><td>\u00a0DEP<\/td><td>VILLE<\/td><td>TEL<\/td><td>NOM ASSO<\/td><td>NOM ENSEIGNANT<\/td><td>MAIL ENSEIGNANT<\/td><\/tr><tr><td>03<\/td><td>Gannat<\/td><td>04 70 56 52 58<\/td><td>ENTRE TERRE ET CIEL<\/td><td>Jean-Louis DELAHERMOSA<\/td><td><a href=\"mailto:jean-louis.delahermosa@neuf.fr\">jean-louis.delahermosa@neuf.fr<\/a><\/td><\/tr><tr><td>03<\/td><td>Vichy<\/td><td>06 84 42 84 61<\/td><td>QI CONG ET TAI CHI LE VERNET<\/td><td><p>Dominique GUILLEMARD<\/p><\/td><td><p>\u00a0<\/p><p><a href=\"mailto:dominique.guillemard7@orange.fr\">dominique.guillemard7@orange.fr<\/a><\/p><\/td><\/tr><tr><td>06<\/td><td>Grasse<\/td><td>06 15 89 89 23<\/td><td>GRASSE AU TAI CHI<\/td><td>Ga\u00eblle LE ROUX<\/td><td><a href=\"mailto:gaellelrx@gmail.com\">gaellelrx@gmail.com<\/a><\/td><\/tr><tr><td>06<\/td><td>Valbonne<\/td><td>04 93 35 50 40<\/td><td>RENCONTRES<\/td><td>contact secr\u00e9tariat<\/td><td><a href=\"mailto:sylvie.mellet06@orange.fr\">sylvie.mellet06@orange.fr<\/a><\/td><\/tr><tr><td>18<\/td><td>Chateaumeillant<\/td><td>05 55 65 08 20<\/td><td>BIEN ETRE<\/td><td>Christina RENAUDIN<\/td><td><a href=\"miaille.renaudin@gmail.com\">miaille.renaudin@gmail.com<\/a><\/td><\/tr><tr><td>21<\/td><td>Ch\u00e2tillon-sur-Seine<\/td><td>06 63 35 40 11<\/td><td>LE SINGE PELERIN<\/td><td>Richard GOLDFARB<\/td><td><a href=\"richard.shojin@gmail.com\">richard.shojin@gmail.com<\/a><\/td><\/tr><tr><td>23<\/td><td>Boussac<\/td><td>05\u00a055\u00a065\u00a008\u00a020<\/td><td>BIEN ETRE<\/td><td>Michel MIAILLE<\/td><td><a href=\"mailto:miaille.renaudin@aliceadsl.fr\">miaille.renaudin@gmail.com<\/a><\/td><\/tr><tr><td>24<\/td><td>Coulounieix-Chamiers<\/td><td>06 08 24 40 80<\/td><td>Mouvement et Forme des 3 Rivi\u00e8res : Ta\u00ef-Chi-Chuan, Qi Gong<\/td><td>Val\u00e9rie BARRE<\/td><td><a href=\"mailto:mouvementetforme@lilo.org\">mouvementetforme@lilo.org<\/a><\/td><\/tr><tr><td>24<\/td><td>Riberac<\/td><td>06 86 99 77 00<\/td><td>A. T. C. C. du Rib\u00e9racois et des 3 Vall\u00e9es<\/td><td>Marie-France GUIONNEAU<\/td><td><a href=\"mailto:mfguionneau@gmail.com\">mfguionneau@gmail.com<\/a><\/td><\/tr><tr><td>26<\/td><td>Crest\/Vaunaveys<\/td><td>06 65 39 57 78<\/td><td>M. I. P. T. C. C. DR\u00d4ME<\/td><td>Anne-Emmanuelle ROCHE<\/td><td><a href=\"mailto:dfelus26@gmail.com\">anneemmanuelle.roche@gmail.com<\/a><\/td><\/tr><tr><td>31<\/td><td>Muret<\/td><td>06 46 88 74 69<\/td><td>GESTES D&rsquo;EVEIL<\/td><td>Corinne TURMO<\/td><td><a href=\"mailto:corinne.turmo@free.fr\">turmo.corinne@free.fr<\/a><\/td><\/tr><tr><td>31<\/td><td>Saint-Jean<\/td><td>06 36 99 09 48<\/td><td>ARTS MARTIAUX de SAINT-JEAN<\/td><td>Christiane DE TOLLENAERE<\/td><td><a href=\"mailto:dojo.stjean@free.fr\">dojo.stjean@free.fr<\/a><\/td><\/tr><tr><td>32<\/td><td>Plaisance<\/td><td>06 85 18 13 27<\/td><td>PERLE ET DRAGON<\/td><td>Corine BALTZ<\/td><td><a href=\"mailto:corinebaltz@wanadoo.fr\">corinebaltz@wanadoo.fr<\/a><\/td><\/tr><tr><td>33<\/td><td>Bourg<\/td><td>07 81 31 38 72<\/td><td>M. I. P. T. C. DU BOURGEAIS<\/td><td>Sylvie TERMIGNON<\/td><td><a href=\"mailto:sylvietermignon@gmail.com\">sylvietermignon@gmail.com<\/a><\/td><\/tr><tr><td>33<\/td><td>Blanquefort<\/td><td>06 80 50 01 79<\/td><td>M. I. P. T. C. DU TAILLAN MEDOC<\/td><td>Vivien RUIZ<\/td><td><a href=\"mailto:ruiz.vivien@pm.me\">ruiz.vivien@pm.me<\/a><\/td><\/tr><tr><td>33<\/td><td>Canejan<\/td><td>06 21 08 10 19<\/td><td>TAI CHI CHUAN CANEJAN<\/td><td>Marie LALANNE<\/td><td><a href=\"mailto:assotaichi@gmail.com\">assotaichi@gmail.com<\/a><\/td><\/tr><tr><td>33<\/td><td>Marcheprime<br \/>La Br\u00e8de<\/td><td>06 21 08 10 19<\/td><td>GESTES ET SOUFFLE<\/td><td>Marie LALANNE<\/td><td><a href=\"mailto:mf_lalanne@yahoo.fr\">mf_lalanne@yahoo.fr<\/a><\/td><\/tr><tr><td>33<\/td><td>Les peintures<\/td><td>06 12 94 28 28<\/td><td>LIANCE PEDAGOGIE<\/td><td>Marie-Laure DUTOUR<\/td><td><a href=\"mailto:ml.d@hotmail.fr\">ml.d@hotmail.fr<\/a><\/td><\/tr><tr><td>33<\/td><td>Libourne<\/td><td>06 12 94 28 28<\/td><td>CHLOE<\/td><td>Marie-Laure DUTOUR<\/td><td>\u00a0 <a href=\"mailto:ml.d@hotmail.fr\">ml.d@hotmail.fr<\/a><\/td><\/tr><tr><td>33<\/td><td>Marcheprime<\/td><td>06 21 08 10 19<\/td><td>GESTES ET SOUFFLE<\/td><td>Marie\u00a0LALANNE<\/td><td><a href=\"mailto:mf_lalanne@yahoo.fr\">mf_lalanne@yahoo.fr<\/a><\/td><\/tr><tr><td>33<\/td><td>St M\u00e9dard de Guigi\u00e8res<\/td><td>06 79 01 89 77<\/td><td>R\u00caV&rsquo;EIL du CORPS<\/td><td>Corinne CROUZET<\/td><td><a href=\"mailto:coricrou75@gmail.com\">coricrou75@gmail.com<\/a><\/td><\/tr><tr><td>43<\/td><td>Brioude<\/td><td>06 58 96 68 64<\/td><td>A. T. C. C. BRIOUDE<\/td><td><p>N. GOURRAUD<\/p><p>G. YVON<\/p><\/td><td><p><a href=\"mailto:natalie.gourraud@orange.fr\">natalie.gourraud@orange.fr<\/a><\/p><p><a href=\"mailto:ghislaine.yvon4@gmail.com\">ghislaine.yvon4@gmail.com<\/a><\/p><\/td><\/tr><tr><td>43<\/td><td>Paulhaguet<\/td><td>06 58 96 68 64<\/td><td>A. T. C. C. PAULHAGUET<\/td><td>Natalie GOURRAUD<\/td><td><a href=\"mailto:natalie.gourraud@orange.fr\">natalie.gourraud@orange.fr<\/a><\/td><\/tr><tr><td>43<\/td><td>Cussac<\/td><td>04 71 03 13 91<\/td><td>A. T. C. C. CUSSAC<\/td><td>Michel CHOTTEAU<\/td><td><a href=\"mailto:michel.chotteau@laposte.net\">michel.chotteau@laposte.net<\/a><\/td><\/tr><tr><td>\u00a0<\/td><td>\u00a0<\/td><td>\u00a0<\/td><td>\u00a0<\/td><td>\u00a0<\/td><td>\u00a0<\/td><\/tr><tr><td>\u00a0<\/td><\/tr><tr><td>63<\/td><td>Clermont-Ferrand<\/td><td>07 55 60 39 58<\/td><td>M. I. P. T. C. CLERMONT<\/td><td>B. LEFAURE<br \/>T. EYMARD<br \/>M. MEILLAND<\/td><td><p><a href=\"mailto:lefaure-bp@orange.fr\">lefaure-bp@orange.fr<\/a><\/p><p><a href=\"mailto:mireille.meilland@laposte.net\">mireille.meilland@laposte.net<\/a><\/p><p><a href=\"mailto:teymard@wanadoo.fr\">teymard@wanadoo.fr<\/a><\/p><\/td><\/tr><tr><td>63<\/td><td>Clermont-Ferrand<\/td><td>06 09 76 66 36<\/td><td>M. P. C. A.<\/td><td>Bernard LEFAURE<\/td><td><a href=\"mailto:meditation.auvergne@gmail.com\">meditation.auvergne@gmail.com<\/a><\/td><\/tr><tr><td>63<\/td><td>Pasli\u00e8res<\/td><td>06 59 62 63 79<\/td><td>TAI CHI PASLIERES<\/td><td>Eug\u00e8ne MAMBIE<\/td><td><a href=\"eugene.mambie@orange.fr\">eugene.mambie@orange.fr<\/a><\/td><\/tr><tr><td>63<\/td><td>Vic Le Comte<\/td><td>06 70 52 7307<\/td><td>AMICALE LA\u00cfQUE DE VIC LE COMTE<\/td><td>Thierry EYMARD<\/td><td><a href=\"teymard@wanadoo.fr\">teymard@wanadoo.fr<\/a><\/td><\/tr><tr><td>64<\/td><td>Corb\u00e8re-Ab\u00e8res (Pau)<\/td><td>06 85 18 13 27<\/td><td>ARBRE de VIE<\/td><td>Corine BALTZ<\/td><td><a href=\"corinebaltz@wanadoo.fr\">corinebaltz@wanadoo.fr<\/a><\/td><\/tr><tr><td>73<\/td><td>Les D\u00e9serts<\/td><td>06 33 82 67 71<\/td><td>MOUVEMENT ATOUT AGE<\/td><td>H\u00e9l\u00e8ne HENNION<\/td><td><a href=\"helenehennion@aol.com\">helenehennion@aol.com<\/a><\/td><\/tr><tr><td>81<\/td><td>Couffouleux<\/td><td>06 87 11 29 74 06 85 84 89 84<\/td><td>BULLE D&rsquo;ENERGIE<\/td><td>J.BOUFFARD \u00a7 V.MASSOL<\/td><td><a href=\"bulledenergie81@laposte.net\">bulledenergie81@laposte.net<\/a><\/td><\/tr><tr><td>\u00a0<\/td><td>\u00a0<\/td><td>\u00a0<\/td><td>\u00a0<\/td><td>\u00a0<\/td><td>\u00a0<\/td><\/tr><\/tbody><\/table><\/figure>\t\t\t\t\t\t<\/div>\n\t\t\t\t<\/div>\n\t\t\t\t\t<\/div>\n\t\t<\/div>\n\t\t\t\t\t\t\t<\/div>\n\t\t<\/section>\n\t\t\t\t<section class=\"elementor-section elementor-top-section elementor-element elementor-element-e58c9ef elementor-section-boxed elementor-section-height-default elementor-section-height-default\" data-id=\"e58c9ef\" data-element_type=\"section\">\n\t\t\t\t\t\t<div class=\"elementor-container elementor-column-gap-default\">\n\t\t\t\t\t<div class=\"elementor-column elementor-col-100 elementor-top-column elementor-element elementor-element-7be8cc4\" data-id=\"7be8cc4\" data-element_type=\"column\">\n\t\t\t<div class=\"elementor-widget-wrap\">\n\t\t\t\t\t\t\t\t\t<\/div>\n\t\t<\/div>\n\t\t\t\t\t\t\t<\/div>\n\t\t<\/section>\n\t\t\t\t\t\t\t<\/div>\n\t\t","protected":false},"excerpt":{"rendered":"<p>Tous les cours de la F.M.I.P.T.C Cliquez ici pour voir les sites Web des associations de la f\u00e9d\u00e9 Liste de toutes les associations de la f\u00e9d\u00e9ration : \u00a0DEP VILLE TEL NOM ASSO NOM ENSEIGNANT MAIL ENSEIGNANT 03 Gannat 04 70 56 52 58 ENTRE TERRE ET CIEL Jean-Louis DELAHERMOSA jean-louis.delahermosa@neuf.fr 03 Vichy 06 84 42 &hellip; <\/p>\n<p class=\"link-more\"><a href=\"https:\/\/www.fmiptc.com\/?page_id=111\" class=\"more-link\">Continuer la lecture<span class=\"screen-reader-text\"> de &laquo;&nbsp;Tous les cours&nbsp;&raquo;<\/span><\/a><\/p>\n","protected":false},"author":1,"featured_media":0,"parent":0,"menu_order":0,"comment_status":"closed","ping_status":"closed","template":"","meta":{"footnotes":""},"class_list":["post-111","page","type-page","status-publish","hentry"],"_links":{"self":[{"href":"https:\/\/www.fmiptc.com\/index.php?rest_route=\/wp\/v2\/pages\/111","targetHints":{"allow":["GET"]}}],"collection":[{"href":"https:\/\/www.fmiptc.com\/index.php?rest_route=\/wp\/v2\/pages"}],"about":[{"href":"https:\/\/www.fmiptc.com\/index.php?rest_route=\/wp\/v2\/types\/page"}],"author":[{"embeddable":true,"href":"https:\/\/www.fmiptc.com\/index.php?rest_route=\/wp\/v2\/users\/1"}],"replies":[{"embeddable":true,"href":"https:\/\/www.fmiptc.com\/index.php?rest_route=%2Fwp%2Fv2%2Fcomments&post=111"}],"version-history":[{"count":321,"href":"https:\/\/www.fmiptc.com\/index.php?rest_route=\/wp\/v2\/pages\/111\/revisions"}],"predecessor-version":[{"id":2780,"href":"https:\/\/www.fmiptc.com\/index.php?rest_route=\/wp\/v2\/pages\/111\/revisions\/2780"}],"wp:attachment":[{"href":"https:\/\/www.fmiptc.com\/index.php?rest_route=%2Fwp%2Fv2%2Fmedia&parent=111"}],"curies":[{"name":"wp","href":"https:\/\/api.w.org\/{rel}","templated":true}]}}