{"id":113,"date":"2021-06-20T12:31:31","date_gmt":"2021-06-20T10:31:31","guid":{"rendered":"https:\/\/www.fmiptc.com\/?page_id=113"},"modified":"2026-04-28T17:25:19","modified_gmt":"2026-04-28T15:25:19","slug":"stages-dete","status":"publish","type":"page","link":"https:\/\/www.fmiptc.com\/?page_id=113","title":{"rendered":"Stages d&rsquo;\u00e9t\u00e9"},"content":{"rendered":"\t\t<div data-elementor-type=\"wp-page\" data-elementor-id=\"113\" class=\"elementor elementor-113\">\n\t\t\t\t\t\t\t\t\t<section class=\"elementor-section elementor-top-section elementor-element elementor-element-20d8a4aa elementor-section-boxed elementor-section-height-default elementor-section-height-default\" data-id=\"20d8a4aa\" data-element_type=\"section\">\n\t\t\t\t\t\t<div class=\"elementor-container elementor-column-gap-default\">\n\t\t\t\t\t<div class=\"elementor-column elementor-col-100 elementor-top-column elementor-element elementor-element-5e5b5e07\" data-id=\"5e5b5e07\" data-element_type=\"column\">\n\t\t\t<div class=\"elementor-widget-wrap elementor-element-populated\">\n\t\t\t\t\t\t\t\t<div class=\"elementor-element elementor-element-71e48eeb elementor-drop-cap-yes elementor-drop-cap-view-default elementor-widget elementor-widget-text-editor\" data-id=\"71e48eeb\" data-element_type=\"widget\" data-settings=\"{&quot;drop_cap&quot;:&quot;yes&quot;}\" data-widget_type=\"text-editor.default\">\n\t\t\t\t<div class=\"elementor-widget-container\">\n\t\t\t<style>\/*! elementor - v3.14.0 - 26-06-2023 *\/\n.elementor-widget-text-editor.elementor-drop-cap-view-stacked .elementor-drop-cap{background-color:#69727d;color:#fff}.elementor-widget-text-editor.elementor-drop-cap-view-framed .elementor-drop-cap{color:#69727d;border:3px solid;background-color:transparent}.elementor-widget-text-editor:not(.elementor-drop-cap-view-default) .elementor-drop-cap{margin-top:8px}.elementor-widget-text-editor:not(.elementor-drop-cap-view-default) .elementor-drop-cap-letter{width:1em;height:1em}.elementor-widget-text-editor .elementor-drop-cap{float:left;text-align:center;line-height:1;font-size:50px}.elementor-widget-text-editor .elementor-drop-cap-letter{display:inline-block}<\/style>\t\t\t\t<h2 id=\"stages-d-ete-2022a-clermont-ferrand\" class=\"has-text-align-center\"><strong>Stages d&rsquo;\u00e9t\u00e9\u00a0 2026<\/strong><br \/><strong>\u00e0 Clermont Ferrand<br \/><\/strong><em><strong>Tous niveaux<\/strong><\/em><\/h2><h2 class=\"has-text-align-center\"><strong>11 au 14 juillet 2026<br \/><\/strong><\/h2><h2 class=\"has-text-align-center\">plusieurs groupes selon niveau<\/h2><h2>Salle 5 bis Henri Barbusse et au parc bargoin,<br \/>superbe lieu, quand le temps le permet,<br \/>ils commencent le premier jour \u00e0 9.30<br \/>et finissent le dernier \u00e0 16h.<br \/>Le stage propose cinq heures de pratique quotidiennes<br \/>pour chaque niveau.<\/h2><h2 id=\"le-cout-pedagogique-est-de-300-euro\">l<em>e cout p\u00e9dagogique est de 300 euro<\/em><br \/><em>Tous renseignements et inscriptions<\/em><br \/><em><a href=\"mailto:dfelus26@gmail.com\">dfelus26@gmail.com<\/a>\u00a0 ou\u00a0\u00a0<a href=\"https:\/\/www.fmiptc.com\/images\/pdf\/stgclermt.pdf\">Bulletin d&rsquo;inscription<\/a><\/em><br \/>\u00a0<\/h2><p><!-- \/wp:paragraph --><\/p>\t\t\t\t\t\t<\/div>\n\t\t\t\t<\/div>\n\t\t\t\t\t<\/div>\n\t\t<\/div>\n\t\t\t\t\t\t\t<\/div>\n\t\t<\/section>\n\t\t\t\t<section class=\"elementor-section elementor-top-section elementor-element elementor-element-e0e89fe elementor-section-boxed elementor-section-height-default elementor-section-height-default\" data-id=\"e0e89fe\" data-element_type=\"section\">\n\t\t\t\t\t\t<div class=\"elementor-container elementor-column-gap-default\">\n\t\t\t\t\t<div class=\"elementor-column elementor-col-100 elementor-top-column elementor-element elementor-element-91e15c1\" data-id=\"91e15c1\" data-element_type=\"column\">\n\t\t\t<div class=\"elementor-widget-wrap elementor-element-populated\">\n\t\t\t\t\t\t\t\t<div class=\"elementor-element elementor-element-c40d0bc elementor-widget elementor-widget-text-editor\" data-id=\"c40d0bc\" data-element_type=\"widget\" data-widget_type=\"text-editor.default\">\n\t\t\t\t<div class=\"elementor-widget-container\">\n\t\t\t\t\t\t\t<h1><strong>6 et 7 septembre 2026<br \/><\/strong><strong>Clermont ferrand<br \/>rencontres p\u00e9dagogiques<br \/>Gratuit<\/strong><\/h1><p>Comme toud les ans nous organisons\u00a0 (salle rue Henri Barbusse) ou au parc.<br \/>un week end ouvert a tous les adh\u00e9rents et gratuit.<br \/>\u00a0Id\u00e9al pour les enseignants et aspirants p\u00e9dagogues.<br \/>Son objectif est le partage de l\u2019exp\u00e9rience et de la cr\u00e9ativit\u00e9 de tous <br \/>autour de sujets coopt\u00e9s par les personnes int\u00e9ress\u00e9es\u2026<\/p><p>Toutefois, toutes les id\u00e9es et souhaits sont\u00a0 bienvenus<br \/>afin de pr\u00e9parer ce moment et \u00e9ventuellement les suivants<\/p><p>ils commencent le premier jour \u00e0 9.30 et finissent le dernier \u00e0 15h30.<\/p><p><em>tous renseignements, id\u00e9es, inscription: dfelus26@gmail.com<\/em><br \/><em>Vous \u00eates invit\u00e9s a vous pr\u00e9inscrire pour en assurer la tenue <\/em><br \/><em>\u00a0 en pr\u00e9cisant vos souhaits<\/em><br \/><em>Merci<\/em><\/p>\t\t\t\t\t\t<\/div>\n\t\t\t\t<\/div>\n\t\t\t\t\t<\/div>\n\t\t<\/div>\n\t\t\t\t\t\t\t<\/div>\n\t\t<\/section>\n\t\t\t\t\t\t\t<\/div>\n\t\t","protected":false},"excerpt":{"rendered":"<p>Stages d&rsquo;\u00e9t\u00e9\u00a0 2026\u00e0 Clermont FerrandTous niveaux 11 au 14 juillet 2026 plusieurs groupes selon niveau Salle 5 bis Henri Barbusse et au parc bargoin,superbe lieu, quand le temps le permet,ils commencent le premier jour \u00e0 9.30et finissent le dernier \u00e0 16h.Le stage propose cinq heures de pratique quotidiennespour chaque niveau. le cout p\u00e9dagogique est de &hellip; <\/p>\n<p class=\"link-more\"><a href=\"https:\/\/www.fmiptc.com\/?page_id=113\" class=\"more-link\">Continuer la lecture<span class=\"screen-reader-text\"> de &laquo;&nbsp;Stages d&rsquo;\u00e9t\u00e9&nbsp;&raquo;<\/span><\/a><\/p>\n","protected":false},"author":1,"featured_media":0,"parent":0,"menu_order":0,"comment_status":"closed","ping_status":"closed","template":"","meta":{"footnotes":""},"class_list":["post-113","page","type-page","status-publish","hentry"],"_links":{"self":[{"href":"https:\/\/www.fmiptc.com\/index.php?rest_route=\/wp\/v2\/pages\/113","targetHints":{"allow":["GET"]}}],"collection":[{"href":"https:\/\/www.fmiptc.com\/index.php?rest_route=\/wp\/v2\/pages"}],"about":[{"href":"https:\/\/www.fmiptc.com\/index.php?rest_route=\/wp\/v2\/types\/page"}],"author":[{"embeddable":true,"href":"https:\/\/www.fmiptc.com\/index.php?rest_route=\/wp\/v2\/users\/1"}],"replies":[{"embeddable":true,"href":"https:\/\/www.fmiptc.com\/index.php?rest_route=%2Fwp%2Fv2%2Fcomments&post=113"}],"version-history":[{"count":71,"href":"https:\/\/www.fmiptc.com\/index.php?rest_route=\/wp\/v2\/pages\/113\/revisions"}],"predecessor-version":[{"id":2819,"href":"https:\/\/www.fmiptc.com\/index.php?rest_route=\/wp\/v2\/pages\/113\/revisions\/2819"}],"wp:attachment":[{"href":"https:\/\/www.fmiptc.com\/index.php?rest_route=%2Fwp%2Fv2%2Fmedia&parent=113"}],"curies":[{"name":"wp","href":"https:\/\/api.w.org\/{rel}","templated":true}]}}