{"id":118,"date":"2021-06-20T12:31:31","date_gmt":"2021-06-20T10:31:31","guid":{"rendered":"https:\/\/www.fmiptc.com\/?page_id=118"},"modified":"2024-02-03T14:00:54","modified_gmt":"2024-02-03T13:00:54","slug":"activites-complementaires","status":"publish","type":"page","link":"https:\/\/www.fmiptc.com\/?page_id=118","title":{"rendered":"Activit\u00e9s de nos membres"},"content":{"rendered":"\n<h1 class=\"wp-block-heading has-text-align-center\">Autres activit\u00e9s<\/h1>\n\n\n\n<p>Les membres de l&rsquo;association peuvent proposer les activit\u00e9s compl\u00e9mentaires qu&rsquo;ils proposent, dans la coh\u00e9rence avec la p\u00e9dagogie de la personne<\/p>\n\n\n\n<p><\/p>\n\n\n\n<p>Bonjour,<\/p>\n\n\n\n<p>Nous vous invitons \u00e0 d\u00e9couvrir  le planning des prochaines activit\u00e9s de l&rsquo;association MPCA sur <a href=\"https:\/\/www.facebook.com\/profile.php?id=61554343768758&amp;locale=fr_FR\">le lien<\/a> <\/p>\n\n\n\n<p>Il va \u00e9voluer tout au long de la saison 2023-2024.<\/p>\n\n\n\n<p>Pour participer \u00e0 nos activit\u00e9s, il vous est n\u00e9cessaire d&rsquo;adh\u00e9rer \u00e0 l&rsquo;association.<\/p>\n\n\n\n<p>Les ateliers stages cycles et retraites se font sur inscription individuelle.<\/p>\n\n\n\n<p>Vous pouvez nous retrouvez sur Facebook : M\u00e9ditation Pleine Conscience Auvergne<\/p>\n\n\n\n<p>Bien cordialement<\/p>\n\n\n\n<p>Pour l&rsquo;association MPCA<\/p>\n\n\n\n<p>Aur\u00e9lie Chaigne<\/p>\n\n\n\n<p><\/p>\n","protected":false},"excerpt":{"rendered":"<p>Autres activit\u00e9s Les membres de l&rsquo;association peuvent proposer les activit\u00e9s compl\u00e9mentaires qu&rsquo;ils proposent, dans la coh\u00e9rence avec la p\u00e9dagogie de la personne Bonjour, Nous vous invitons \u00e0 d\u00e9couvrir le planning des prochaines activit\u00e9s de l&rsquo;association MPCA sur le lien Il va \u00e9voluer tout au long de la saison 2023-2024. Pour participer \u00e0 nos activit\u00e9s, il &hellip; <\/p>\n<p class=\"link-more\"><a href=\"https:\/\/www.fmiptc.com\/?page_id=118\" class=\"more-link\">Continuer la lecture<span class=\"screen-reader-text\"> de &laquo;&nbsp;Activit\u00e9s de nos membres&nbsp;&raquo;<\/span><\/a><\/p>\n","protected":false},"author":1,"featured_media":0,"parent":0,"menu_order":0,"comment_status":"closed","ping_status":"closed","template":"","meta":{"footnotes":""},"class_list":["post-118","page","type-page","status-publish","hentry"],"_links":{"self":[{"href":"https:\/\/www.fmiptc.com\/index.php?rest_route=\/wp\/v2\/pages\/118","targetHints":{"allow":["GET"]}}],"collection":[{"href":"https:\/\/www.fmiptc.com\/index.php?rest_route=\/wp\/v2\/pages"}],"about":[{"href":"https:\/\/www.fmiptc.com\/index.php?rest_route=\/wp\/v2\/types\/page"}],"author":[{"embeddable":true,"href":"https:\/\/www.fmiptc.com\/index.php?rest_route=\/wp\/v2\/users\/1"}],"replies":[{"embeddable":true,"href":"https:\/\/www.fmiptc.com\/index.php?rest_route=%2Fwp%2Fv2%2Fcomments&post=118"}],"version-history":[{"count":5,"href":"https:\/\/www.fmiptc.com\/index.php?rest_route=\/wp\/v2\/pages\/118\/revisions"}],"predecessor-version":[{"id":1704,"href":"https:\/\/www.fmiptc.com\/index.php?rest_route=\/wp\/v2\/pages\/118\/revisions\/1704"}],"wp:attachment":[{"href":"https:\/\/www.fmiptc.com\/index.php?rest_route=%2Fwp%2Fv2%2Fmedia&parent=118"}],"curies":[{"name":"wp","href":"https:\/\/api.w.org\/{rel}","templated":true}]}}