{"id":1914,"date":"2024-07-15T08:36:32","date_gmt":"2024-07-15T06:36:32","guid":{"rendered":"https:\/\/www.fmiptc.com\/?page_id=1914"},"modified":"2025-09-04T18:58:32","modified_gmt":"2025-09-04T16:58:32","slug":"stage-pedagogique","status":"publish","type":"page","link":"https:\/\/www.fmiptc.com\/?page_id=1914","title":{"rendered":"Stage P\u00e9dagogique"},"content":{"rendered":"\t\t<div data-elementor-type=\"wp-page\" data-elementor-id=\"1914\" class=\"elementor elementor-1914\">\n\t\t\t\t\t\t\t\t\t<section class=\"elementor-section elementor-top-section elementor-element elementor-element-93d4061 elementor-section-boxed elementor-section-height-default elementor-section-height-default\" data-id=\"93d4061\" data-element_type=\"section\">\n\t\t\t\t\t\t<div class=\"elementor-container elementor-column-gap-default\">\n\t\t\t\t\t<div class=\"elementor-column elementor-col-25 elementor-top-column elementor-element elementor-element-090b3f0\" data-id=\"090b3f0\" data-element_type=\"column\">\n\t\t\t<div class=\"elementor-widget-wrap\">\n\t\t\t\t\t\t\t\t\t<\/div>\n\t\t<\/div>\n\t\t\t\t<div class=\"elementor-column elementor-col-50 elementor-top-column elementor-element elementor-element-cc60fac\" data-id=\"cc60fac\" data-element_type=\"column\">\n\t\t\t<div class=\"elementor-widget-wrap elementor-element-populated\">\n\t\t\t\t\t\t\t\t<div class=\"elementor-element elementor-element-f7883fd elementor-widget elementor-widget-text-editor\" data-id=\"f7883fd\" data-element_type=\"widget\" data-widget_type=\"text-editor.default\">\n\t\t\t\t<div class=\"elementor-widget-container\">\n\t\t\t<style>\/*! elementor - v3.14.0 - 26-06-2023 *\/\n.elementor-widget-text-editor.elementor-drop-cap-view-stacked .elementor-drop-cap{background-color:#69727d;color:#fff}.elementor-widget-text-editor.elementor-drop-cap-view-framed .elementor-drop-cap{color:#69727d;border:3px solid;background-color:transparent}.elementor-widget-text-editor:not(.elementor-drop-cap-view-default) .elementor-drop-cap{margin-top:8px}.elementor-widget-text-editor:not(.elementor-drop-cap-view-default) .elementor-drop-cap-letter{width:1em;height:1em}.elementor-widget-text-editor .elementor-drop-cap{float:left;text-align:center;line-height:1;font-size:50px}.elementor-widget-text-editor .elementor-drop-cap-letter{display:inline-block}<\/style>\t\t\t\t<p>Stage P\u00e9dagogique<\/p><p>6 et 7 septembres 2025<\/p>\t\t\t\t\t\t<\/div>\n\t\t\t\t<\/div>\n\t\t\t\t\t<\/div>\n\t\t<\/div>\n\t\t\t\t<div class=\"elementor-column elementor-col-25 elementor-top-column elementor-element elementor-element-2f3a922\" data-id=\"2f3a922\" data-element_type=\"column\">\n\t\t\t<div class=\"elementor-widget-wrap\">\n\t\t\t\t\t\t\t\t\t<\/div>\n\t\t<\/div>\n\t\t\t\t\t\t\t<\/div>\n\t\t<\/section>\n\t\t\t\t<section class=\"elementor-section elementor-top-section elementor-element elementor-element-06a2256 elementor-section-boxed elementor-section-height-default elementor-section-height-default\" data-id=\"06a2256\" data-element_type=\"section\">\n\t\t\t\t\t\t<div class=\"elementor-container elementor-column-gap-default\">\n\t\t\t\t\t<div class=\"elementor-column elementor-col-33 elementor-top-column elementor-element elementor-element-bfb4b0d\" data-id=\"bfb4b0d\" data-element_type=\"column\">\n\t\t\t<div class=\"elementor-widget-wrap elementor-element-populated\">\n\t\t\t\t\t\t\t\t<div class=\"elementor-element elementor-element-4344ae1 e-transform elementor-widget elementor-widget-image\" data-id=\"4344ae1\" data-element_type=\"widget\" data-settings=\"{&quot;_transform_flipX_effect&quot;:&quot;transform&quot;}\" data-widget_type=\"image.default\">\n\t\t\t\t<div class=\"elementor-widget-container\">\n\t\t\t<style>\/*! elementor - v3.14.0 - 26-06-2023 *\/\n.elementor-widget-image{text-align:center}.elementor-widget-image a{display:inline-block}.elementor-widget-image a img[src$=\".svg\"]{width:48px}.elementor-widget-image img{vertical-align:middle;display:inline-block}<\/style>\t\t\t\t\t\t\t\t\t\t\t\t<img loading=\"lazy\" decoding=\"async\" width=\"525\" height=\"896\" src=\"https:\/\/www.fmiptc.com\/wp-content\/uploads\/2024\/07\/oiseaux.png\" class=\"attachment-large size-large wp-image-1931\" alt=\"\" srcset=\"https:\/\/www.fmiptc.com\/wp-content\/uploads\/2024\/07\/oiseaux.png 542w, https:\/\/www.fmiptc.com\/wp-content\/uploads\/2024\/07\/oiseaux-176x300.png 176w\" sizes=\"auto, 100vw\" \/>\t\t\t\t\t\t\t\t\t\t\t\t\t\t\t<\/div>\n\t\t\t\t<\/div>\n\t\t\t\t\t<\/div>\n\t\t<\/div>\n\t\t\t\t<div class=\"elementor-column elementor-col-33 elementor-top-column elementor-element elementor-element-ed8d974\" data-id=\"ed8d974\" data-element_type=\"column\">\n\t\t\t<div class=\"elementor-widget-wrap elementor-element-populated\">\n\t\t\t\t\t\t\t\t<div class=\"elementor-element elementor-element-cb65caf elementor-widget elementor-widget-text-editor\" data-id=\"cb65caf\" data-element_type=\"widget\" data-widget_type=\"text-editor.default\">\n\t\t\t\t<div class=\"elementor-widget-container\">\n\t\t\t\t\t\t\t<p>Le stage p\u00e9dagogique est un stage annuel qui\u00a0 a lieu \u00e0 clermont ferrand\u00a0 le <b>dernier week end d&rsquo;aout. <br \/>Il est ouvert \u00e0 tous les adh\u00e9rents fmiptc et de l&rsquo;EFPM\u00a0<\/b>quel que soit leur niveau.<br \/>\u00a0Il est totalement <b>gratuit<\/b>.<\/p><p>Les <b>enseignants, comme les pratiquants<\/b> y posent toutes les questions sur leurs curiosit\u00e9e ou les besoins p\u00e9dagogique qui les interrogent et les r\u00e9ponses sont sont explor\u00e9es par le groupe avec l&rsquo;apport des exp\u00e9riences de chacun.<\/p><p>Mises en situation, simulations et partage en dynamisent les contenus<\/p><p>Le rendez vous est \u00e0 <b>9h 30 <\/b>le samedi <b>\u00e0 la salle 5<\/b>bis<b> rue Henri Barbusse<\/b>\u00a0 et quand le temps le permet, nous allons nous r\u00e9unir en ext\u00e9rieur (parc Bargoin) Il se termine le dimanche \u00e0 15h30.<\/p><p>Afin d&rsquo;en assurer la tenue et pouvoir communiquer quelque\u00a0 changement \u00e9ventuel d&rsquo;horaire, <b>nous vous remercions de vous inscrire par mail \u00e0\u00a0<em>dfelus26@gmail.com<\/em><\/b><\/p><p>au plaisir de ce partage&#8230;ce d\u00e9but septembre<\/p>\t\t\t\t\t\t<\/div>\n\t\t\t\t<\/div>\n\t\t\t\t\t<\/div>\n\t\t<\/div>\n\t\t\t\t<div class=\"elementor-column elementor-col-33 elementor-top-column elementor-element elementor-element-ad11349\" data-id=\"ad11349\" data-element_type=\"column\">\n\t\t\t<div class=\"elementor-widget-wrap\">\n\t\t\t\t\t\t\t\t\t<\/div>\n\t\t<\/div>\n\t\t\t\t\t\t\t<\/div>\n\t\t<\/section>\n\t\t\t\t\t\t\t<\/div>\n\t\t","protected":false},"excerpt":{"rendered":"<p>Stage P\u00e9dagogique 6 et 7 septembres 2025 Le stage p\u00e9dagogique est un stage annuel qui\u00a0 a lieu \u00e0 clermont ferrand\u00a0 le dernier week end d&rsquo;aout. Il est ouvert \u00e0 tous les adh\u00e9rents fmiptc et de l&rsquo;EFPM\u00a0quel que soit leur niveau.\u00a0Il est totalement gratuit. Les enseignants, comme les pratiquants y posent toutes les questions sur leurs &hellip; <\/p>\n<p class=\"link-more\"><a href=\"https:\/\/www.fmiptc.com\/?page_id=1914\" class=\"more-link\">Continuer la lecture<span class=\"screen-reader-text\"> de &laquo;&nbsp;Stage P\u00e9dagogique&nbsp;&raquo;<\/span><\/a><\/p>\n","protected":false},"author":2,"featured_media":0,"parent":0,"menu_order":0,"comment_status":"closed","ping_status":"closed","template":"","meta":{"footnotes":""},"class_list":["post-1914","page","type-page","status-publish","hentry"],"_links":{"self":[{"href":"https:\/\/www.fmiptc.com\/index.php?rest_route=\/wp\/v2\/pages\/1914","targetHints":{"allow":["GET"]}}],"collection":[{"href":"https:\/\/www.fmiptc.com\/index.php?rest_route=\/wp\/v2\/pages"}],"about":[{"href":"https:\/\/www.fmiptc.com\/index.php?rest_route=\/wp\/v2\/types\/page"}],"author":[{"embeddable":true,"href":"https:\/\/www.fmiptc.com\/index.php?rest_route=\/wp\/v2\/users\/2"}],"replies":[{"embeddable":true,"href":"https:\/\/www.fmiptc.com\/index.php?rest_route=%2Fwp%2Fv2%2Fcomments&post=1914"}],"version-history":[{"count":34,"href":"https:\/\/www.fmiptc.com\/index.php?rest_route=\/wp\/v2\/pages\/1914\/revisions"}],"predecessor-version":[{"id":2494,"href":"https:\/\/www.fmiptc.com\/index.php?rest_route=\/wp\/v2\/pages\/1914\/revisions\/2494"}],"wp:attachment":[{"href":"https:\/\/www.fmiptc.com\/index.php?rest_route=%2Fwp%2Fv2%2Fmedia&parent=1914"}],"curies":[{"name":"wp","href":"https:\/\/api.w.org\/{rel}","templated":true}]}}