{"id":236,"date":"2021-06-20T13:07:35","date_gmt":"2021-06-20T11:07:35","guid":{"rendered":"https:\/\/www.fmiptc.com\/?page_id=236"},"modified":"2025-10-03T18:30:29","modified_gmt":"2025-10-03T16:30:29","slug":"adhesion","status":"publish","type":"page","link":"https:\/\/www.fmiptc.com\/?page_id=236","title":{"rendered":"Adh\u00e9sion"},"content":{"rendered":"\t\t<div data-elementor-type=\"wp-page\" data-elementor-id=\"236\" class=\"elementor elementor-236\">\n\t\t\t\t\t\t\t\t\t<section class=\"elementor-section elementor-top-section elementor-element elementor-element-121f3717 elementor-section-boxed elementor-section-height-default elementor-section-height-default\" data-id=\"121f3717\" data-element_type=\"section\">\n\t\t\t\t\t\t<div class=\"elementor-container elementor-column-gap-default\">\n\t\t\t\t\t<div class=\"elementor-column elementor-col-100 elementor-top-column elementor-element elementor-element-163c12ca\" data-id=\"163c12ca\" data-element_type=\"column\">\n\t\t\t<div class=\"elementor-widget-wrap elementor-element-populated\">\n\t\t\t\t\t\t\t\t<div class=\"elementor-element elementor-element-6c56131e elementor-widget elementor-widget-text-editor\" data-id=\"6c56131e\" data-element_type=\"widget\" data-widget_type=\"text-editor.default\">\n\t\t\t\t<div class=\"elementor-widget-container\">\n\t\t\t<style>\/*! elementor - v3.14.0 - 26-06-2023 *\/\n.elementor-widget-text-editor.elementor-drop-cap-view-stacked .elementor-drop-cap{background-color:#69727d;color:#fff}.elementor-widget-text-editor.elementor-drop-cap-view-framed .elementor-drop-cap{color:#69727d;border:3px solid;background-color:transparent}.elementor-widget-text-editor:not(.elementor-drop-cap-view-default) .elementor-drop-cap{margin-top:8px}.elementor-widget-text-editor:not(.elementor-drop-cap-view-default) .elementor-drop-cap-letter{width:1em;height:1em}.elementor-widget-text-editor .elementor-drop-cap{float:left;text-align:center;line-height:1;font-size:50px}.elementor-widget-text-editor .elementor-drop-cap-letter{display:inline-block}<\/style>\t\t\t\t<!-- wp:heading {\"textAlign\":\"center\",\"level\":1} -->\n<h1 class=\"has-text-align-center\">Vous souhaitez adh\u00e9rer \u00e0 la FMIPTC ?<br \/>Renouveler votre adh\u00e9sion ?<\/h1>\n<!-- \/wp:heading --><!-- wp:paragraph -->\n<p>Pour profiter des liens et services (journal, gestion, assurances rc adh\u00e9rents, assurance asso et salles, etc) de la F\u00e9d\u00e9ration des mouvements ind\u00e9pendants de p\u00e9dagogie des techniques corporelles, il vous faut :<\/p>\n<!-- \/wp:paragraph --><!-- wp:list -->\n<ul><!-- wp:list-item -->\n<li>Lors de votre premi\u00e8re inscription \u00e0 la f\u00e9d\u00e9ration (et \u00e9ventuellement lors de votre retrait) :<br \/>&#8211; le <a href=\"https:\/\/www.fmiptc.com\/images\/pdf\/declamembfede.jpg\">formulaire de d\u00e9claration<\/a> que la f\u00e9d\u00e9ration doit d\u00e9poser \u00e0 la pr\u00e9fecture pour attester de ses membres et de son caract\u00e8re f\u00e9d\u00e9ral.<\/li>\n<!-- \/wp:list-item --><!-- wp:list-item -->\n<li><strong><u>Envoyer tous les ans :<\/u> &#8211; imprimer et compl\u00e9ter le <a href=\"https:\/\/www.fmiptc.com\/wp-content\/uploads\/2025\/10\/inscrasso.pdf\">formulaire d&rsquo;incription 2026<\/a><\/strong> &#8211; un exemplaire papier accompagn\u00e9 de votre liste d&rsquo;adh\u00e9rents (nom, pr\u00e9nom, adresse) destin\u00e9s \u00e0 l&rsquo;assureur <mark class=\"has-inline-color has-luminous-vivid-orange-color\" style=\"background-color: rgba(0, 0, 0, 0);\">avec\u00a0un ch\u00e8que de 8 euros <\/mark>par adh\u00e9rent (pour qu&rsquo;une association soit assur\u00e9e les membres de son bureau doivent \u00eatre \u00e0 jour de leur cotisation m\u00eame s&rsquo;ils ne pratiquent pas en cours) pour l&rsquo;ann\u00e9e 2026 avant le 31 d\u00e9cembre de 2025 pour le premier versement, puis en mars et juin \u00e0 :<\/li>\n<!-- \/wp:list-item --><!-- wp:list-item -->\n<li>F. M. I. P. T. C. , 5 bis rue Henri Barbusse, 63000 Clermont-Ferrand.<br \/>&#8211; un exemplaire en pdf \u00e0 <a href=\"mailto:h.horel@orange.fr\">h.horel@orange.fr<\/a> (destin\u00e9 \u00e0 la f\u00e9d\u00e9ration)<br \/><br \/><\/li>\n<!-- \/wp:list-item --><\/ul>\n<!-- \/wp:list --><!-- wp:paragraph -->\n<p><mark class=\"has-inline-color has-vivid-red-color\" style=\"background-color: rgba(0, 0, 0, 0);\">Vous recevrez par e-mail votre attestation d&rsquo;adh\u00e9sion avec un code<\/mark> apr\u00e8s r\u00e9ception de votre bulletin d&rsquo;adh\u00e9sion complet (courrier + e-mail) d\u00fbment accompagn\u00e9 du ch\u00e8que de r\u00e8glement, cette attestation vous donnant acc\u00e8s \u00e0 tous les documents associatifs (attestations d&rsquo;assurance) et autres services du site pour le g\u00e9rer par net.<\/p>\n<!-- \/wp:paragraph --><!-- wp:paragraph -->\n<p>Vous pouvez aussi envoyer un lien internet pour relier votre propre site, s&rsquo;il existe, ou une simple page HTML que nous h\u00e9bergerons ou enfin, utiliser la section <a href=\"https:\/\/www.fmiptc.com\/?page_id=279\">\u00ab\u00a0nous contacter\u00a0\u00bb<\/a> pour nous faire part d&rsquo;une manifestation, stage&#8230;<\/p>\n<!-- \/wp:paragraph -->\t\t\t\t\t\t<\/div>\n\t\t\t\t<\/div>\n\t\t\t\t\t<\/div>\n\t\t<\/div>\n\t\t\t\t\t\t\t<\/div>\n\t\t<\/section>\n\t\t\t\t\t\t\t<\/div>\n\t\t","protected":false},"excerpt":{"rendered":"<p>Vous souhaitez adh\u00e9rer \u00e0 la FMIPTC ?Renouveler votre adh\u00e9sion ? Pour profiter des liens et services (journal, gestion, assurances rc adh\u00e9rents, assurance asso et salles, etc) de la F\u00e9d\u00e9ration des mouvements ind\u00e9pendants de p\u00e9dagogie des techniques corporelles, il vous faut : Vous recevrez par e-mail votre attestation d&rsquo;adh\u00e9sion avec un code apr\u00e8s r\u00e9ception de votre &hellip; <\/p>\n<p class=\"link-more\"><a href=\"https:\/\/www.fmiptc.com\/?page_id=236\" class=\"more-link\">Continuer la lecture<span class=\"screen-reader-text\"> de &laquo;&nbsp;Adh\u00e9sion&nbsp;&raquo;<\/span><\/a><\/p>\n","protected":false},"author":1,"featured_media":0,"parent":0,"menu_order":0,"comment_status":"closed","ping_status":"closed","template":"","meta":{"footnotes":""},"class_list":["post-236","page","type-page","status-publish","hentry"],"_links":{"self":[{"href":"https:\/\/www.fmiptc.com\/index.php?rest_route=\/wp\/v2\/pages\/236","targetHints":{"allow":["GET"]}}],"collection":[{"href":"https:\/\/www.fmiptc.com\/index.php?rest_route=\/wp\/v2\/pages"}],"about":[{"href":"https:\/\/www.fmiptc.com\/index.php?rest_route=\/wp\/v2\/types\/page"}],"author":[{"embeddable":true,"href":"https:\/\/www.fmiptc.com\/index.php?rest_route=\/wp\/v2\/users\/1"}],"replies":[{"embeddable":true,"href":"https:\/\/www.fmiptc.com\/index.php?rest_route=%2Fwp%2Fv2%2Fcomments&post=236"}],"version-history":[{"count":21,"href":"https:\/\/www.fmiptc.com\/index.php?rest_route=\/wp\/v2\/pages\/236\/revisions"}],"predecessor-version":[{"id":2563,"href":"https:\/\/www.fmiptc.com\/index.php?rest_route=\/wp\/v2\/pages\/236\/revisions\/2563"}],"wp:attachment":[{"href":"https:\/\/www.fmiptc.com\/index.php?rest_route=%2Fwp%2Fv2%2Fmedia&parent=236"}],"curies":[{"name":"wp","href":"https:\/\/api.w.org\/{rel}","templated":true}]}}