{"id":237,"date":"2021-06-20T13:07:35","date_gmt":"2021-06-20T11:07:35","guid":{"rendered":"https:\/\/www.fmiptc.com\/?page_id=237"},"modified":"2025-10-23T09:51:25","modified_gmt":"2025-10-23T07:51:25","slug":"infos-assos","status":"publish","type":"page","link":"https:\/\/www.fmiptc.com\/?page_id=237","title":{"rendered":"Infos assos"},"content":{"rendered":"\t\t<div data-elementor-type=\"wp-page\" data-elementor-id=\"237\" class=\"elementor elementor-237\">\n\t\t\t\t\t\t\t\t\t<section class=\"elementor-section elementor-top-section elementor-element elementor-element-1896b89a elementor-section-boxed elementor-section-height-default elementor-section-height-default\" data-id=\"1896b89a\" data-element_type=\"section\">\n\t\t\t\t\t\t<div class=\"elementor-container elementor-column-gap-default\">\n\t\t\t\t\t<div class=\"elementor-column elementor-col-100 elementor-top-column elementor-element elementor-element-29a35361\" data-id=\"29a35361\" data-element_type=\"column\">\n\t\t\t<div class=\"elementor-widget-wrap elementor-element-populated\">\n\t\t\t\t\t\t\t\t<div class=\"elementor-element elementor-element-b860dc1 elementor-widget elementor-widget-text-editor\" data-id=\"b860dc1\" data-element_type=\"widget\" data-widget_type=\"text-editor.default\">\n\t\t\t\t<div class=\"elementor-widget-container\">\n\t\t\t<style>\/*! elementor - v3.14.0 - 26-06-2023 *\/\n.elementor-widget-text-editor.elementor-drop-cap-view-stacked .elementor-drop-cap{background-color:#69727d;color:#fff}.elementor-widget-text-editor.elementor-drop-cap-view-framed .elementor-drop-cap{color:#69727d;border:3px solid;background-color:transparent}.elementor-widget-text-editor:not(.elementor-drop-cap-view-default) .elementor-drop-cap{margin-top:8px}.elementor-widget-text-editor:not(.elementor-drop-cap-view-default) .elementor-drop-cap-letter{width:1em;height:1em}.elementor-widget-text-editor .elementor-drop-cap{float:left;text-align:center;line-height:1;font-size:50px}.elementor-widget-text-editor .elementor-drop-cap-letter{display:inline-block}<\/style>\t\t\t\t<!-- wp:heading {\"textAlign\":\"center\",\"level\":1} -->\n<h1 class=\"has-text-align-center\"><strong><span style=\"color: #003366;\">Infos associatives<\/span><\/strong><\/h1>\n<p align=\"JUSTIFY\"><span style=\"font-size: small; color: #003366;\"><b><u>Invitation PROGRAMME 2025 de l&rsquo;association M\u00e9diatation Pleine Conscience Auvergne MPCA :<\/u><\/b><\/span><\/p>\n<p><span style=\"font-size: small; color: #003366;\">Pr\u00e9sentation du cycle MBSR en visio sur ZOOM en soir\u00e9e : 12 octobre 2025<\/span><\/p>\n<p><span style=\"font-size: small; color: #003366;\"><u>Cycle MBSR :<\/u>\u00a0les dimanches soir du 19 octobre au 14 d\u00e9cembre<\/span><\/p>\n<p><span style=\"font-size: small; color: #003366;\">Contactez directement Bernard Lefaure :\u00a0<a class=\"mailto-link\" style=\"color: #003366;\" tabindex=\"9999\" href=\"mailto:mbsr.auvergne@gmail.com\" target=\"_blank\" rel=\"noopener\">mbsr.auvergne@gmail.com<\/a><\/span><\/p>\n<p><span style=\"font-size: small; color: #003366;\"><u>INITIATION : m\u00e9ditation pleine conscience : 25 octobre 10h \u00e0 11h30 Participation : 5\u20ac \/ pers<\/u><\/span><\/p>\n<p><span style=\"color: #003366;\"><span style=\"font-size: small;\"><u>MSC D\u00e9couverte et Initiation : <\/u><\/span><span style=\"font-size: small;\">15 novembre 9h30 \u00e0 12h30 <\/span><span style=\"font-size: small;\">Cotisation 20\u20ac \/ pers. non-adh\u00e9rent \/ adh\u00e9rents : prix libre 5\u20ac, 10\u20ac, 15\u20ac&#8230;<\/span><\/span><\/p>\n<p><span style=\"color: #003366;\"><span style=\"font-size: small;\"><u>Journ\u00e9e MSC : Pratiques avanc\u00e9es: <\/u><\/span><span style=\"font-size: small;\">29 novembre 9h30 \u00e0 17h <\/span><span style=\"font-size: small;\">Cotisation 60\u20ac \/ pers.<\/span><\/span><\/p>\n<p><span style=\"color: #003366;\"><span style=\"font-size: small;\"><u>M\u00e9ditation, musique impro and co : <\/u><\/span><span style=\"font-size: small;\">6 d\u00e9cembre 10h \u00e0 12h (maximum 12h30) <\/span><span style=\"font-size: small;\">R\u00e9serv\u00e9 aux adh\u00e9rents avec possibilit\u00e9 d&rsquo;un prix libre 5\u20ac, 10\u20ac, 15\u20ac&#8230; pour le, la, les musiciens.<\/span><\/span><\/p>\n<p><span style=\"color: #003366;\"><span style=\"font-size: small;\"><u>Retraite m\u00e9ditative silencieuse : \u00a0\u00bb Se re-connecter \u00a0\u00bb: <\/u><\/span><span style=\"font-size: small;\">14, 15, 16, 17 mai 2026 &#8211; (6 places) <\/span><span style=\"font-size: small;\">Cotisation : 140\u20ac \/ pers.<\/span><span style=\"font-size: small;\">Pension compl\u00e8te et chambre partag\u00e9e : 138\u20ac \/ pers.<\/span><\/span><\/p>\n<p><span style=\"color: #003366;\"><span style=\"font-size: small;\"><u>Week-end m\u00e9ditation and co : \u00a0\u00bb Se d\u00e9ployer \u00a0\u00bb : <\/u><\/span><span style=\"font-size: small;\">5 (en soir\u00e9e), 6, 7 juin 2026 &#8211; (8 places) <\/span><span style=\"font-size: small;\">Cotisation : 120\u20ac \/ pers. <\/span><span style=\"font-size: small;\">Pension compl\u00e8te et chambre : selon le lieu<\/span><\/span><\/p>\n<p align=\"JUSTIFY\">\u00a0<\/p>\n<h1 class=\"has-text-align-center\"><strong>Assembl\u00e9e G\u00e9n\u00e9rale FMIPTC<\/strong><br \/><strong>\u00e0 Clermont-Ferrand<br \/><\/strong><strong style=\"font-size: 1.5rem;\">Samedi 24\u00a0<\/strong><strong style=\"font-size: 1.5rem;\"> Janvier 2026 17<\/strong><\/h1>\n<!-- \/wp:heading --><!-- wp:heading {\"textAlign\":\"center\",\"level\":1} --><!-- \/wp:heading --><!-- wp:paragraph -->\n<p>Bonjour<\/p>\n<!-- \/wp:paragraph --><!-- wp:paragraph -->\n<p>Vous \u00eates invit\u00e9s \u00e0 nous faire parvenir toutes vos demandes, tous vos souhaits, (au moins 8 jours \u00e0 l&rsquo;avance) pour les int\u00e9grer \u00e0 l&rsquo;Ordre du Jour\u00a0 :<\/p>\n<!-- \/wp:paragraph --><!-- wp:paragraph -->\n<p>Rapport moral de la pr\u00e9sidente<\/p>\n<p>Rapport de la\u00a0 tr\u00e9sori\u00e8re et budget pr\u00e9visionnel<\/p>\n<p>Rapport p\u00e9dagogique du responsable p\u00e9dagogique<\/p>\n<p>Questions diverses<\/p>\n<!-- \/wp:paragraph --><!-- wp:paragraph -->\n<p>Les procurations vont \u00eatres adress\u00e9es par mail aux pr\u00e9sidents et enseignants,<a href=\"https:\/\/www.fmiptc.com\/wp-content\/uploads\/2025\/10\/Procuration-25.pdf\"> mais sont aussi disponibles ici<\/a><\/p>\n<!-- \/wp:paragraph --><!-- wp:paragraph -->\n<p>La vie de notre f\u00e9d\u00e9ration d\u00e9pend de votre soutien et de votre implication.<\/p>\n<!-- \/wp:paragraph --><!-- wp:paragraph -->\n<p>Merci \u00e0 toutes et \u00e0 tous !<\/p>\n<!-- \/wp:paragraph -->\t\t\t\t\t\t<\/div>\n\t\t\t\t<\/div>\n\t\t\t\t\t<\/div>\n\t\t<\/div>\n\t\t\t\t\t\t\t<\/div>\n\t\t<\/section>\n\t\t\t\t\t\t\t<\/div>\n\t\t","protected":false},"excerpt":{"rendered":"<p>Infos associatives Invitation PROGRAMME 2025 de l&rsquo;association M\u00e9diatation Pleine Conscience Auvergne MPCA : Pr\u00e9sentation du cycle MBSR en visio sur ZOOM en soir\u00e9e : 12 octobre 2025 Cycle MBSR :\u00a0les dimanches soir du 19 octobre au 14 d\u00e9cembre Contactez directement Bernard Lefaure :\u00a0mbsr.auvergne@gmail.com INITIATION : m\u00e9ditation pleine conscience : 25 octobre 10h \u00e0 11h30 Participation &hellip; <\/p>\n<p class=\"link-more\"><a href=\"https:\/\/www.fmiptc.com\/?page_id=237\" class=\"more-link\">Continuer la lecture<span class=\"screen-reader-text\"> de &laquo;&nbsp;Infos assos&nbsp;&raquo;<\/span><\/a><\/p>\n","protected":false},"author":1,"featured_media":0,"parent":0,"menu_order":0,"comment_status":"closed","ping_status":"closed","template":"","meta":{"footnotes":""},"class_list":["post-237","page","type-page","status-publish","hentry"],"_links":{"self":[{"href":"https:\/\/www.fmiptc.com\/index.php?rest_route=\/wp\/v2\/pages\/237","targetHints":{"allow":["GET"]}}],"collection":[{"href":"https:\/\/www.fmiptc.com\/index.php?rest_route=\/wp\/v2\/pages"}],"about":[{"href":"https:\/\/www.fmiptc.com\/index.php?rest_route=\/wp\/v2\/types\/page"}],"author":[{"embeddable":true,"href":"https:\/\/www.fmiptc.com\/index.php?rest_route=\/wp\/v2\/users\/1"}],"replies":[{"embeddable":true,"href":"https:\/\/www.fmiptc.com\/index.php?rest_route=%2Fwp%2Fv2%2Fcomments&post=237"}],"version-history":[{"count":61,"href":"https:\/\/www.fmiptc.com\/index.php?rest_route=\/wp\/v2\/pages\/237\/revisions"}],"predecessor-version":[{"id":2630,"href":"https:\/\/www.fmiptc.com\/index.php?rest_route=\/wp\/v2\/pages\/237\/revisions\/2630"}],"wp:attachment":[{"href":"https:\/\/www.fmiptc.com\/index.php?rest_route=%2Fwp%2Fv2%2Fmedia&parent=237"}],"curies":[{"name":"wp","href":"https:\/\/api.w.org\/{rel}","templated":true}]}}