{"id":278,"date":"2021-06-20T13:10:22","date_gmt":"2021-06-20T11:10:22","guid":{"rendered":"https:\/\/www.fmiptc.com\/?page_id=278"},"modified":"2021-07-31T19:23:38","modified_gmt":"2021-07-31T17:23:38","slug":"humour-et-curiosites","status":"publish","type":"page","link":"https:\/\/www.fmiptc.com\/?page_id=278","title":{"rendered":"Humour et curiosit\u00e9s"},"content":{"rendered":"\n<h2 class=\"wp-block-heading\">Quelques video fun o\u00f9 l&rsquo;on ne sait plus qui est le plus fou&#8230;.<\/h2>\n\n\n\n<figure class=\"wp-block-image\"><img decoding=\"async\" src=\"https:\/\/www.fmiptc.com\/images\/vid\/singri.gif\" alt=\"\"\/><\/figure>\n\n\n\n<h1 class=\"wp-block-heading\">la forme du singe<\/h1>\n\n\n\n<figure class=\"wp-block-image\"><a href=\"https:\/\/www.fmiptc.com\/images\/vid\/funkfunmon.mpeg\"><img decoding=\"async\" src=\"https:\/\/www.fmiptc.com\/images\/vid\/karas.jpg\" alt=\"\"\/><\/a><\/figure>\n\n\n\n<h4 class=\"wp-block-heading\">ou l&rsquo;on s&rsquo;aper\u00e7oit que la r\u00e9p\u00e9tition n&rsquo;am\u00e8ne pas toujours la lib\u00e9ration&#8230;<\/h4>\n\n\n\n<h1 class=\"wp-block-heading\">vache de truc<\/h1>\n\n\n\n<figure class=\"wp-block-image\"><a href=\"https:\/\/www.fmiptc.com\/images\/vid\/tcvh.asf\"><img decoding=\"async\" src=\"https:\/\/www.fmiptc.com\/images\/vid\/tcvc.jpg\" alt=\"\"\/><\/a><\/figure>\n\n\n\n<p>on boit du chi lait<\/p>\n\n\n\n<h1 class=\"wp-block-heading\">Kung fu gore<\/h1>\n\n\n\n<figure class=\"wp-block-image\"><a href=\"https:\/\/www.fmiptc.com\/images\/vid\/SWK_normal.wmv\"><img decoding=\"async\" src=\"https:\/\/www.fmiptc.com\/images\/vid\/kfgo.jpg\" alt=\"\"\/><\/a><\/figure>\n\n\n\n<p>Car comment savoir si l&rsquo;on est \u00e0 sa place?<\/p>\n\n\n\n<h1 class=\"wp-block-heading\">Jeux d&rsquo;os<\/h1>\n\n\n\n<figure class=\"wp-block-image\"><a class=\"donwload\" href=\"https:\/\/www.fmiptc.com\/images\/vid\/sqe.mht\" target=\"_blank\" rel=\"noopener\"><img decoding=\"async\" src=\"https:\/\/www.fmiptc.com\/images\/vid\/arachn.gif\" alt=\"\"\/><\/a><\/figure>\n\n\n\n<p>o\u00f9 l&rsquo;on retrouve les miracles de l&rsquo;\u00e9quilibre&#8230;<br>(faire un clic droit > Enregistrer le lien&#8230;)<\/p>\n\n\n\n<h3 class=\"wp-block-heading\">bien d\u00e9buter..<\/h3>\n\n\n\n<figure class=\"wp-block-image\"><a href=\"https:\/\/www.fmiptc.com\/images\/vid\/karenf.avi\"><img decoding=\"async\" src=\"https:\/\/www.fmiptc.com\/images\/vid\/drag1.gif\" alt=\"\"\/><\/a><\/figure>\n","protected":false},"excerpt":{"rendered":"<p>Quelques video fun o\u00f9 l&rsquo;on ne sait plus qui est le plus fou&#8230;. la forme du singe ou l&rsquo;on s&rsquo;aper\u00e7oit que la r\u00e9p\u00e9tition n&rsquo;am\u00e8ne pas toujours la lib\u00e9ration&#8230; vache de truc on boit du chi lait Kung fu gore Car comment savoir si l&rsquo;on est \u00e0 sa place? Jeux d&rsquo;os o\u00f9 l&rsquo;on retrouve les miracles &hellip; <\/p>\n<p class=\"link-more\"><a href=\"https:\/\/www.fmiptc.com\/?page_id=278\" class=\"more-link\">Continuer la lecture<span class=\"screen-reader-text\"> de &laquo;&nbsp;Humour et curiosit\u00e9s&nbsp;&raquo;<\/span><\/a><\/p>\n","protected":false},"author":1,"featured_media":0,"parent":0,"menu_order":0,"comment_status":"closed","ping_status":"closed","template":"","meta":{"footnotes":""},"class_list":["post-278","page","type-page","status-publish","hentry"],"_links":{"self":[{"href":"https:\/\/www.fmiptc.com\/index.php?rest_route=\/wp\/v2\/pages\/278","targetHints":{"allow":["GET"]}}],"collection":[{"href":"https:\/\/www.fmiptc.com\/index.php?rest_route=\/wp\/v2\/pages"}],"about":[{"href":"https:\/\/www.fmiptc.com\/index.php?rest_route=\/wp\/v2\/types\/page"}],"author":[{"embeddable":true,"href":"https:\/\/www.fmiptc.com\/index.php?rest_route=\/wp\/v2\/users\/1"}],"replies":[{"embeddable":true,"href":"https:\/\/www.fmiptc.com\/index.php?rest_route=%2Fwp%2Fv2%2Fcomments&post=278"}],"version-history":[{"count":5,"href":"https:\/\/www.fmiptc.com\/index.php?rest_route=\/wp\/v2\/pages\/278\/revisions"}],"predecessor-version":[{"id":549,"href":"https:\/\/www.fmiptc.com\/index.php?rest_route=\/wp\/v2\/pages\/278\/revisions\/549"}],"wp:attachment":[{"href":"https:\/\/www.fmiptc.com\/index.php?rest_route=%2Fwp%2Fv2%2Fmedia&parent=278"}],"curies":[{"name":"wp","href":"https:\/\/api.w.org\/{rel}","templated":true}]}}