{"id":280,"date":"2021-06-20T13:10:22","date_gmt":"2021-06-20T11:10:22","guid":{"rendered":"https:\/\/www.fmiptc.com\/?page_id=280"},"modified":"2021-07-31T19:24:27","modified_gmt":"2021-07-31T17:24:27","slug":"a-propos-du-site","status":"publish","type":"page","link":"https:\/\/www.fmiptc.com\/?page_id=280","title":{"rendered":"A propos du site"},"content":{"rendered":"\n<h1 class=\"has-text-align-center wp-block-heading\">Ce site a \u00e9t\u00e9 r\u00e9alis\u00e9 en collaboration par<\/h1>\n\n\n\n<p>Vivien RUIZ<\/p>\n\n\n\n<p>&amp;<br><br><a href=\"mailto:ck@sud-tech.com\">Christos Kokkinidis<\/a><br>65 square cantini 13006 Marseille<br>04 91 79 45 89<br>toujours pr\u00eat \u00e0 en r\u00e9aliser d&rsquo;autres<\/p>\n\n\n\n<p><br>et<\/p>\n\n\n\n<p><a href=\"mailto:denis@mitcc.net\">Denis F\u00e9lus<\/a><\/p>\n\n\n\n<p>d\u00e9cembre 2008<\/p>\n","protected":false},"excerpt":{"rendered":"<p>Ce site a \u00e9t\u00e9 r\u00e9alis\u00e9 en collaboration par Vivien RUIZ &amp; Christos Kokkinidis65 square cantini 13006 Marseille04 91 79 45 89toujours pr\u00eat \u00e0 en r\u00e9aliser d&rsquo;autres et Denis F\u00e9lus d\u00e9cembre 2008<\/p>\n","protected":false},"author":1,"featured_media":0,"parent":0,"menu_order":0,"comment_status":"closed","ping_status":"closed","template":"","meta":{"footnotes":""},"class_list":["post-280","page","type-page","status-publish","hentry"],"_links":{"self":[{"href":"https:\/\/www.fmiptc.com\/index.php?rest_route=\/wp\/v2\/pages\/280","targetHints":{"allow":["GET"]}}],"collection":[{"href":"https:\/\/www.fmiptc.com\/index.php?rest_route=\/wp\/v2\/pages"}],"about":[{"href":"https:\/\/www.fmiptc.com\/index.php?rest_route=\/wp\/v2\/types\/page"}],"author":[{"embeddable":true,"href":"https:\/\/www.fmiptc.com\/index.php?rest_route=\/wp\/v2\/users\/1"}],"replies":[{"embeddable":true,"href":"https:\/\/www.fmiptc.com\/index.php?rest_route=%2Fwp%2Fv2%2Fcomments&post=280"}],"version-history":[{"count":5,"href":"https:\/\/www.fmiptc.com\/index.php?rest_route=\/wp\/v2\/pages\/280\/revisions"}],"predecessor-version":[{"id":550,"href":"https:\/\/www.fmiptc.com\/index.php?rest_route=\/wp\/v2\/pages\/280\/revisions\/550"}],"wp:attachment":[{"href":"https:\/\/www.fmiptc.com\/index.php?rest_route=%2Fwp%2Fv2%2Fmedia&parent=280"}],"curies":[{"name":"wp","href":"https:\/\/api.w.org\/{rel}","templated":true}]}}