{"id":282,"date":"2021-06-20T13:10:22","date_gmt":"2021-06-20T11:10:22","guid":{"rendered":"https:\/\/www.fmiptc.com\/?page_id=282"},"modified":"2021-07-31T11:41:34","modified_gmt":"2021-07-31T09:41:34","slug":"aide","status":"publish","type":"page","link":"https:\/\/www.fmiptc.com\/?page_id=282","title":{"rendered":"Aide"},"content":{"rendered":"\n<h1 class=\"has-text-align-center wp-block-heading\">Aide<\/h1>\n\n\n\n<p>En cours de construction et d&rsquo;am\u00e9lioration, vous pouvez d\u00e9j\u00e0<br><br>\u2022 visiter tous les cours<br>&#8211; ecoles locales &#8211; r\u00e9gions &#8211; stages &#8211;<br><br>\u2022 g\u00e9rer votre association<br>&#8211; Statuts &#8211; assurances &#8211; administration<br><br>\u2022 Vous informer sur notre d\u00e9marche<br>&#8211; p\u00e9dagogie &#8211; tai chi chuan &#8211;<br><br>\u2022 Suivre la vie f\u00e9d\u00e9rale<br>&#8211; assembl\u00e9es &#8211; journal &#8211; formations &#8211;<br><br>Je vous propose ici en attendant que l&rsquo;habitude prenne le relai un mode d&#8217;emploi<\/p>\n\n\n\n<p>Le site est divis\u00e9 en deux grandes sections:<\/p>\n\n\n\n<p><br>La section publique, ou chacun peut y trouver les informations qu&rsquo;il d\u00e9sire,<\/p>\n\n\n\n<p>dans cette section, l&rsquo;acc\u00e8s est pour tous y compris dans -vie associative-, \u00ab\u00a0adh\u00e9sions\u00a0\u00bb, infos et bureau<\/p>\n\n\n\n<p>et la section associative ou la consultation est r\u00e9serv\u00e9e aux associations adh\u00e9rentes et \u00e0 leurs adh\u00e9rents<\/p>\n\n\n\n<p>&#8211; d&rsquo;un code d&rsquo;adh\u00e9rent ou de membre du bureau pour y entrer<br>C&rsquo;est une pr\u00e9caution indispensable pour que les robots ne copient pas les adresses mail des membres pour les innondeer de spam par la suite&#8230;<\/p>\n\n\n\n<p>Pour obtenir ce code, il faut que l&rsquo;association soit \u00e0 jour de ses cotisations et suffisamment efficace pour que le code ait \u00e9t\u00e9 re\u00e7u sur le bon mail d\u00e8s la cotisation re\u00e7ue. elle peut alors t\u00e9l\u00e9charger les formulaires,les attestations d&rsquo;assurance&#8230;etc. Ce code est re\u00e7u par le mail \u00ab\u00a0efficace\u00a0\u00bb que vous avez donn\u00e9 lors de l&rsquo;inscription, il change tous les ans.<\/p>\n\n\n\n<p>IL y a aussi possibilit\u00e9 (voir \u00ab\u00a0publier un article\u00a0\u00bb ) de proposer une page pour son association, proposer un article pour le journal, voire une article pour un des \u00e9l\u00e9ments du site<\/p>\n\n\n\n<p>vos remarques, questions et suggestions \u00e0 propos du site sont bienvenues&#8230;<\/p>\n\n\n\n<p>Bonne recherches<\/p>\n","protected":false},"excerpt":{"rendered":"<p>Aide En cours de construction et d&rsquo;am\u00e9lioration, vous pouvez d\u00e9j\u00e0 \u2022 visiter tous les cours&#8211; ecoles locales &#8211; r\u00e9gions &#8211; stages &#8211; \u2022 g\u00e9rer votre association&#8211; Statuts &#8211; assurances &#8211; administration \u2022 Vous informer sur notre d\u00e9marche&#8211; p\u00e9dagogie &#8211; tai chi chuan &#8211; \u2022 Suivre la vie f\u00e9d\u00e9rale&#8211; assembl\u00e9es &#8211; journal &#8211; formations &#8211; Je &hellip; <\/p>\n<p class=\"link-more\"><a href=\"https:\/\/www.fmiptc.com\/?page_id=282\" class=\"more-link\">Continuer la lecture<span class=\"screen-reader-text\"> de &laquo;&nbsp;Aide&nbsp;&raquo;<\/span><\/a><\/p>\n","protected":false},"author":1,"featured_media":0,"parent":0,"menu_order":0,"comment_status":"closed","ping_status":"closed","template":"","meta":{"footnotes":""},"class_list":["post-282","page","type-page","status-publish","hentry"],"_links":{"self":[{"href":"https:\/\/www.fmiptc.com\/index.php?rest_route=\/wp\/v2\/pages\/282","targetHints":{"allow":["GET"]}}],"collection":[{"href":"https:\/\/www.fmiptc.com\/index.php?rest_route=\/wp\/v2\/pages"}],"about":[{"href":"https:\/\/www.fmiptc.com\/index.php?rest_route=\/wp\/v2\/types\/page"}],"author":[{"embeddable":true,"href":"https:\/\/www.fmiptc.com\/index.php?rest_route=\/wp\/v2\/users\/1"}],"replies":[{"embeddable":true,"href":"https:\/\/www.fmiptc.com\/index.php?rest_route=%2Fwp%2Fv2%2Fcomments&post=282"}],"version-history":[{"count":2,"href":"https:\/\/www.fmiptc.com\/index.php?rest_route=\/wp\/v2\/pages\/282\/revisions"}],"predecessor-version":[{"id":482,"href":"https:\/\/www.fmiptc.com\/index.php?rest_route=\/wp\/v2\/pages\/282\/revisions\/482"}],"wp:attachment":[{"href":"https:\/\/www.fmiptc.com\/index.php?rest_route=%2Fwp%2Fv2%2Fmedia&parent=282"}],"curies":[{"name":"wp","href":"https:\/\/api.w.org\/{rel}","templated":true}]}}