{"id":56,"date":"2021-06-19T20:53:48","date_gmt":"2021-06-19T18:53:48","guid":{"rendered":"https:\/\/www.fmiptc.com\/?page_id=56"},"modified":"2025-03-03T18:43:01","modified_gmt":"2025-03-03T17:43:01","slug":"charte","status":"publish","type":"page","link":"https:\/\/www.fmiptc.com\/?page_id=56","title":{"rendered":"Charte"},"content":{"rendered":"<div class=\"wp-block-image\">\n<figure class=\"aligncenter\"><img decoding=\"async\" src=\"https:\/\/www.fmiptc.com\/images\/pntch\/pecheur.jpg\" alt=\"\"\/><\/figure>\n<\/div>\n\n\n<h3 class=\"wp-block-heading has-text-align-center\"><em><strong>Se f\u00e9d\u00e9rer \u00e0 la Fmiptc c&rsquo;est choisir :<\/strong><\/em><\/h3>\n\n\n\n<p>La pratique de la p\u00e9dagogie corporelle fondamentale sur la base d&rsquo;un <a href=\"https:\/\/www.fmiptc.com\/?page_id=95\">Tai Chi Chuan<\/a> authentique dans un objectif de bien \u00eatre et de d\u00e9veloppement de la personne.<br><br>Une forme de Tai Chi Chuan, la forme dite \u00ab\u00a0Style Yang Originel\u00a0\u00bb, comme support de cette <a href=\"https:\/\/www.fmiptc.com\/?page_id=101\">d\u00e9marche p\u00e9dagogique,<\/a> telle que Ma\u00eetre Chu l&rsquo;a enseign\u00e9e pendant 17 ans \u00e0 <a href=\"https:\/\/www.fmiptc.com\/?page_id=103\">Denis F\u00e9lus<\/a>, lib\u00e9r\u00e9e de ses rites et tensions d&rsquo;\u00e9cole, pour la qualit\u00e9 de ses apports structurels et dynamiques<\/p>\n\n\n<div class=\"wp-block-image\">\n<figure class=\"aligncenter\"><img decoding=\"async\" src=\"https:\/\/www.fmiptc.com\/images\/pntch\/pap01.gif\" alt=\"\"\/><\/figure>\n<\/div>\n\n\n<p>C\u2019est aussi choisir de consid\u00e9rer que toutes les formes de mouvement et pratiques apportent leur part d&rsquo;information et de d\u00e9couverte sans aucune exclusion d&rsquo;\u00e9cole.<br>C\u2019est porter une attention particuli\u00e8re \u00e0 la connaissance et au respect des physlologies osseuses, musculaires, respiratoires et \u00e9nerg\u00e9tiques telle que n\u00e9cessaire \u00e0 la protection, au besoin et \u00e0 la compr\u00e9hension des \u00e9l\u00e8ves. C\u2019est rechercher une approche par la douceur respectant l&rsquo;\u00e9cologie de chacun. <\/p>\n\n\n\n<p>La forme dans toute sa pr\u00e9cision est utilis\u00e9e comme rep\u00e8re permettant de se d\u00e9couvrir dans la diff\u00e9rence et non comme chor\u00e9graphie qui ferait du bien \u00ab\u00a0en soi\u00a0\u00bb \u00e0 apprendre et quel qu&rsquo;en soit le prix. Pour nous, les principes du mouvement (et du changement) et le respect des personnes priment sur la forme.<\/p>\n\n\n\n<p>C\u2019est une approche de la qualit\u00e9 des relations o\u00f9 la \u00ab\u00a0<a href=\"https:\/\/www.fmiptc.com\/?page_id=96\">martialit\u00e9<\/a>\u00a0\u00bb est v\u00e9cue comme un \u00e9change subtil et a toute sa place dans l&rsquo;apprentissage, m\u00e9taphore d&rsquo;une transformation de nos relations \u00e0 l&rsquo;autre vers quelque chose de plus ouvert.<\/p>\n\n\n<div class=\"wp-block-image\">\n<figure class=\"aligncenter\"><img decoding=\"async\" src=\"https:\/\/www.fmiptc.com\/images\/pntch\/ois-bmb.jpg\" alt=\"\"\/><\/figure>\n<\/div>\n\n\n<p>C&rsquo;est un regard o\u00f9 la sagesse tao\u00efste n&rsquo;est pas faite de mots mais bien curiosit\u00e9 d&rsquo;une voie de d\u00e9couverte d&rsquo;attitudes diff\u00e9rentes face au concret. Une ouverture dans le fonctionnement (entre groupes, entre \u00e9coles de m\u00eame style ou de styles diff\u00e9rents).<br>Des pratiques associatives r\u00e9ellement d\u00e9mocratiques et transparentes.<br>Et donc de favoriser la circulation des personnes et informations entre associations (entre autres par <a href=\"https:\/\/www.fmiptc.com\/?page_id=108\">le journal<\/a>, la f\u00e9d\u00e9ration etc..).et <a href=\"https:\/\/www.fmiptc.com\/?page_id=111\">\u00e9coles<\/a>. Une ouverture de l&rsquo;enseignement vers l&rsquo;autonomie des pratiquants, outils d&rsquo;apprentissage, pas de secrets mais du partage de ressources pour la croissance de tous.<\/p>\n\n\n\n<h3 class=\"wp-block-heading has-text-align-center\"><img loading=\"lazy\" decoding=\"async\" src=\"https:\/\/www.fmiptc.com\/images\/pntch\/lotus.jpg\" width=\"90\" height=\"90\"><\/h3>\n\n\n\n<p>Des professeurs engag\u00e9s dans une d\u00e9marche personnelle, dans une<a href=\"http:\/\/www.efpm-form.com\/contenu.htm\" target=\"_blank\" rel=\"noreferrer noopener\"> formation permanente<\/a> dans une dynamique de groupe au Tai Chi et \u00e0 la p\u00e9dagogie, formation dispens\u00e9e par <a href=\"http:\/\/www.efpm-form.com\" target=\"_blank\" rel=\"noreferrer noopener\">l&rsquo;EFPM\u00a0 <\/a>(collectif d&rsquo;enseignants et d&rsquo;enseignement)<\/p>\n","protected":false},"excerpt":{"rendered":"<p>Se f\u00e9d\u00e9rer \u00e0 la Fmiptc c&rsquo;est choisir : La pratique de la p\u00e9dagogie corporelle fondamentale sur la base d&rsquo;un Tai Chi Chuan authentique dans un objectif de bien \u00eatre et de d\u00e9veloppement de la personne. Une forme de Tai Chi Chuan, la forme dite \u00ab\u00a0Style Yang Originel\u00a0\u00bb, comme support de cette d\u00e9marche p\u00e9dagogique, telle que &hellip; <\/p>\n<p class=\"link-more\"><a href=\"https:\/\/www.fmiptc.com\/?page_id=56\" class=\"more-link\">Continuer la lecture<span class=\"screen-reader-text\"> de &laquo;&nbsp;Charte&nbsp;&raquo;<\/span><\/a><\/p>\n","protected":false},"author":1,"featured_media":0,"parent":0,"menu_order":0,"comment_status":"closed","ping_status":"closed","template":"","meta":{"footnotes":""},"class_list":["post-56","page","type-page","status-publish","hentry"],"_links":{"self":[{"href":"https:\/\/www.fmiptc.com\/index.php?rest_route=\/wp\/v2\/pages\/56","targetHints":{"allow":["GET"]}}],"collection":[{"href":"https:\/\/www.fmiptc.com\/index.php?rest_route=\/wp\/v2\/pages"}],"about":[{"href":"https:\/\/www.fmiptc.com\/index.php?rest_route=\/wp\/v2\/types\/page"}],"author":[{"embeddable":true,"href":"https:\/\/www.fmiptc.com\/index.php?rest_route=\/wp\/v2\/users\/1"}],"replies":[{"embeddable":true,"href":"https:\/\/www.fmiptc.com\/index.php?rest_route=%2Fwp%2Fv2%2Fcomments&post=56"}],"version-history":[{"count":10,"href":"https:\/\/www.fmiptc.com\/index.php?rest_route=\/wp\/v2\/pages\/56\/revisions"}],"predecessor-version":[{"id":2372,"href":"https:\/\/www.fmiptc.com\/index.php?rest_route=\/wp\/v2\/pages\/56\/revisions\/2372"}],"wp:attachment":[{"href":"https:\/\/www.fmiptc.com\/index.php?rest_route=%2Fwp%2Fv2%2Fmedia&parent=56"}],"curies":[{"name":"wp","href":"https:\/\/api.w.org\/{rel}","templated":true}]}}