{"id":95,"date":"2021-06-20T12:31:31","date_gmt":"2021-06-20T10:31:31","guid":{"rendered":"https:\/\/www.fmiptc.com\/?page_id=95"},"modified":"2021-07-31T18:21:45","modified_gmt":"2021-07-31T16:21:45","slug":"un-peu-dhistoire","status":"publish","type":"page","link":"https:\/\/www.fmiptc.com\/?page_id=95","title":{"rendered":"Un peu d&rsquo;histoire"},"content":{"rendered":"\n<h1 class=\"has-text-align-center wp-block-heading\">Petite approche du Tai Chi Chuan<\/h1>\n\n\n\n<p>Ceci est notre r\u00e9sum\u00e9 de notre approche&#8230; pour quelque chose de moins personnel, plus fouill\u00e9, je vous renvoie par ce lien \u00e0 <a href=\"http:\/\/fr.wikipedia.org\/wiki\/Tai-chi-chuan#Bibliographie\">l&rsquo;encyclop\u00e9die du net sur le tai chi chuan<\/a><\/p>\n\n\n\n<h3 class=\"has-text-align-right wp-block-heading\"><img loading=\"lazy\" decoding=\"async\" src=\"https:\/\/www.fmiptc.com\/images\/pntch\/3pic.gif\" width=\"248\" height=\"353\"><\/h3>\n\n\n\n<p>Le tai chi chuan ( ou tai ji quan) est une pratique chinoise tr\u00e8s ancienne dont les racines sont profond\u00e9ment ancr\u00e9es dans cette culture. A la fois gestuelle de sant\u00e9 et approche de la personne, elle est difficilement classable dans nos sch\u00e9ma habituels.<br><br>De tous temps, la culture chinoise a toujours privil\u00e9gie le d\u00e9veloppement des relations entre les divers aspects de la personne plut\u00f4t que de consid\u00e9rer une s\u00e9paration entre corps et esprit a cultiver chacun de son cot\u00e9. Pratiquement, cela a abouti a de nombreuses pratiques \u00ab\u00a0psycho-corporelles\u00a0\u00bb. Les plus populaires sont connues sous le nom de Chi Cong (nom g\u00e9n\u00e9rique institu\u00e9 par Mao en 1950!). Ces Chi Cong sont ce que l&rsquo;on pourrait traduire tout simplement par gymnastique chez nous! Avec bien sur des caract\u00e8res particuliers li\u00e9s \u00e0 la vision chinoise de l&rsquo;homme. Le Tai Chi Chuan rentre dans cette cat\u00e9gorie avec toutes ses sp\u00e9cificit\u00e9s<\/p>\n\n\n\n<p>Les arts martiaux, venus d&rsquo;Inde se sont aussi rapidement implantes sur ce terrain propice. Certains moines taoistes ont de leur c\u00f4t\u00e9 d\u00e9velopp\u00e9 des techniques de souffle (respiration) dites \u00ab\u00a0internes\u00a0\u00bb. La synth\u00e8se de ces courants au 18\u00b0 si\u00e8cle a abouti au tai chi chuan. Dans sa forme aboutie, il s&rsquo;agit d&rsquo;un corps de 108 mouvements tr\u00e8s sp\u00e9cifiques et tr\u00e8s pr\u00e9cis. Cette pr\u00e9cision est n\u00e9cessaire a la coh\u00e9rence avec la physiologie, des personnes, le d\u00e9veloppement de leurs aptitudes et avec les finesses martiales&#8230;<br><br><\/p>\n\n\n\n<p>Ce corps de mouvements comporte une forme (traditionnellement 108 mouvements se succ\u00e9dant dans un ordre immuable et \u00ab\u00a0mimant\u00a0\u00bb un combat au ralenti. Il y a aussi une forme avec partenaire. des pratiques avec armes (\u00e9p\u00e9e, sabre, b\u00e2ton) des pratiques a deux (pouss\u00e9es de mains ) des exercices de Chi Cong. une m\u00e9ditation&#8230;<\/p>\n\n\n\n<div class=\"wp-block-image\"><figure class=\"alignright is-resized\"><img loading=\"lazy\" decoding=\"async\" src=\"https:\/\/www.fmiptc.com\/images\/arttcc\/image008.jpg\" alt=\"\" width=\"135\" height=\"145\"\/><\/figure><\/div>\n\n\n\n<p>Bien des histoires se racontent sur les sources et les transmissions dont la cr\u00e9dibilit\u00e9 est celle du conte, les chinois ayant une forte tendance, bien avant les masques politiques actuels, \u00e0 faire coller l&rsquo;histoire \u00e0 leurs souhaits \u00e0 travers des images attirantes et susceptibles d&rsquo;\u00eatre crues&#8230;<br><br>Il y a toujours un anc\u00eatre douteux ou mythique de la cinqui\u00e8me, neuvi\u00e8me g\u00e9n\u00e9ration, qui n&rsquo;a pas de grand p\u00e8re? pour justifier historiquement les pratiques d&rsquo;aujourd&rsquo;hui. Il est le meilleur (reconnu du monde (lequel?) entier, le plus secret cela \u00e9vite les preuves et a fait une forme sp\u00e9cifique qui apporte mieux, parfois plus courte (cela \u00e9vite les \u00e9cueils de l&rsquo;apprentissage)<br><\/p>\n\n\n\n<p>Le TCC s&rsquo;est d\u00e9velopp\u00e9 au sein de l&rsquo;<a href=\"http:\/\/fr.wikipedia.org\/wiki\/Tai-chi_style_Chen\">\u00e9cole Chen<\/a>, puis surtout de l&rsquo;<a href=\"http:\/\/fr.wikipedia.org\/wiki\/Tai-chi_style_Yang\">\u00e9cole Yang<\/a>, du nom des \u00ab familles \u00bb transmettant la technique (la transmission traditionnelle se fait au travers de ces g\u00e9n\u00e9alogies, au sens large du terme). C&rsquo;est Yang Chen Fu, il y a 50 ans qui a le plus contribu\u00e9, par la qualit\u00e9 de sa technique comme par l&rsquo;ouverture de son enseignement au public, au d\u00e9veloppement actuel du TCC.<\/p>\n\n\n\n<p class=\"has-text-align-right\"><img loading=\"lazy\" decoding=\"async\" src=\"https:\/\/www.fmiptc.com\/images\/arttcc\/ycf.gif\" width=\"181\" height=\"220\"><\/p>\n\n\n\n<p>L&rsquo;\u00e9migration chinoise et les progr\u00e8s de la communication dans le monde ont fait le reste.<br>Cette diffusion importante est donc a la fois une chance pour tous et un risque, car la diffusion ne s&rsquo;est pas faite sans une certaine dispersion du savoir. D&rsquo;autant que l&rsquo;\u00e9tranget\u00e9 a nos cultures de cette pratique a \u00e9t\u00e9 de pair avec des pratiques illusoires ou folkloriques de la part de nombreux enseignants improvis\u00e9s..<br><\/p>\n\n\n\n<p>Ainsi les formes (nombre et aspect des mouvements) ont de nombreuses variantes, au gr\u00e9 de la qualit\u00e9 et de la patience des apprenants devenus professants.. Nous enseignons la forme Yang originelle telle qu&rsquo;elle a \u00e9t\u00e9 transmise par Yan Sau Chung, fils de Yang Chen Fu puis par <a href=\"http:\/\/itcca.org\/site\/content\/org\/Master_chu_king_hung_20050809020307\/index?lang=fr\">M.Chu King Hung<\/a> pendant 17 ans \u00e0 <a href=\"https:\/\/www.fmiptc.com\/?page_id=103\">Denis Felus.<\/a> C&rsquo;est celle qui, apr\u00e8s de nombreuses explorations et apprentissage nous a parue la plus compl\u00e8te, la plus aboutie, juste frein\u00e9e par le cadre dans lequel elle s&rsquo;enseigne, syst\u00e8me rigide, ferm\u00e9 et \u00e9conomiquement malsain contradictoire \u00e0 terme avec les projets de d\u00e9veloppement qu&rsquo;elle pourrait susciter<\/p>\n\n\n\n<h3 class=\"has-text-align-right wp-block-heading\"><img loading=\"lazy\" decoding=\"async\" src=\"https:\/\/www.fmiptc.com\/images\/arttcc\/ckh.gif\" width=\"180\" height=\"251\"> <\/h3>\n\n\n\n<p>Nous nous sommes attach\u00e9s \u00e0 la F.M.I.P.T.C. \u00e0 conserver le style et l&rsquo;approche traditionnelle dans tout de que celle ci avait de riche, mais en prenant une attention particuli\u00e8re pour en rendre <a href=\"http:\/\/www.efpm-form.com\/contenu.htm\">p\u00e9dagogiquement accessible<\/a> les contenus a un occidental et surtout que celui ci puisse en extraire un sens compatible avec ses r\u00e9f\u00e9rences internes.<br><br>Il convenait aussi de lib\u00e9rer des m\u00e9thodes d\u2019enseignements issues d\u2019un r\u00e9gime autoritaire peu compatibles avec l\u2019\u00e9panouissement des personnes (m\u00eame encore \u00e0 l&rsquo;heure actuelle). Cette approche inclut divers \u00e9l\u00e9ments originaux:<br><br>\u00b7 du point de vue formel (qualit\u00e9 des rep\u00e8res et coh\u00e9rence physiologique)<br><br>\u00b7 du point de vue p\u00e9dagogique (autonomie des apprentissages par outils et perceptions diff\u00e9renti\u00e9es)<br><br>\u00b7 du point de vue des relations (d\u00e9veloppement de la qualit\u00e9 du toucher et de la finesse de l&rsquo;\u00e9change)<br><br>Le Tai Chi Chuan trouve alors, entre rigueur et douceur, sa dimension de d\u00e9veloppement personnel et de plaisir.<\/p>\n\n\n\n<h3 class=\"wp-block-heading\"><a href=\"https:\/\/www.fmiptc.com\/liv.htm\"><\/a><a href=\"https:\/\/www.fmiptc.com\/liv.htm\"><\/a><br>Cette p\u00e9dagogie est celle d\u00e9velopp\u00e9e par le groupe de formation de la Fmiptc : <br><a href=\"http:\/\/www.efpm-form.com\" target=\"_blank\" rel=\"noreferrer noopener\">L&rsquo;Ecole de Formation \u00e0 la P\u00e9dagogie du Mouvement.<\/a><\/h3>\n","protected":false},"excerpt":{"rendered":"<p>Petite approche du Tai Chi Chuan Ceci est notre r\u00e9sum\u00e9 de notre approche&#8230; pour quelque chose de moins personnel, plus fouill\u00e9, je vous renvoie par ce lien \u00e0 l&rsquo;encyclop\u00e9die du net sur le tai chi chuan Le tai chi chuan ( ou tai ji quan) est une pratique chinoise tr\u00e8s ancienne dont les racines sont &hellip; <\/p>\n<p class=\"link-more\"><a href=\"https:\/\/www.fmiptc.com\/?page_id=95\" class=\"more-link\">Continuer la lecture<span class=\"screen-reader-text\"> de &laquo;&nbsp;Un peu d&rsquo;histoire&nbsp;&raquo;<\/span><\/a><\/p>\n","protected":false},"author":1,"featured_media":0,"parent":0,"menu_order":0,"comment_status":"closed","ping_status":"closed","template":"","meta":{"footnotes":""},"class_list":["post-95","page","type-page","status-publish","hentry"],"_links":{"self":[{"href":"https:\/\/www.fmiptc.com\/index.php?rest_route=\/wp\/v2\/pages\/95","targetHints":{"allow":["GET"]}}],"collection":[{"href":"https:\/\/www.fmiptc.com\/index.php?rest_route=\/wp\/v2\/pages"}],"about":[{"href":"https:\/\/www.fmiptc.com\/index.php?rest_route=\/wp\/v2\/types\/page"}],"author":[{"embeddable":true,"href":"https:\/\/www.fmiptc.com\/index.php?rest_route=\/wp\/v2\/users\/1"}],"replies":[{"embeddable":true,"href":"https:\/\/www.fmiptc.com\/index.php?rest_route=%2Fwp%2Fv2%2Fcomments&post=95"}],"version-history":[{"count":5,"href":"https:\/\/www.fmiptc.com\/index.php?rest_route=\/wp\/v2\/pages\/95\/revisions"}],"predecessor-version":[{"id":499,"href":"https:\/\/www.fmiptc.com\/index.php?rest_route=\/wp\/v2\/pages\/95\/revisions\/499"}],"wp:attachment":[{"href":"https:\/\/www.fmiptc.com\/index.php?rest_route=%2Fwp%2Fv2%2Fmedia&parent=95"}],"curies":[{"name":"wp","href":"https:\/\/api.w.org\/{rel}","templated":true}]}}