{"id":96,"date":"2021-06-20T12:31:31","date_gmt":"2021-06-20T10:31:31","guid":{"rendered":"https:\/\/www.fmiptc.com\/?page_id=96"},"modified":"2021-07-31T18:25:43","modified_gmt":"2021-07-31T16:25:43","slug":"martialite","status":"publish","type":"page","link":"https:\/\/www.fmiptc.com\/?page_id=96","title":{"rendered":"Martialit\u00e9"},"content":{"rendered":"\n<h1 class=\"has-text-align-center wp-block-heading\">A propos de la martialit\u00e9<\/h1>\n\n\n\n<p>La martialit\u00e9 a de multiples facettes et la mani\u00e8re de la recevoir est aussi vaste&#8230;<br><br>Entre les personnes qui ne veulent pas en entendre parler par peur du contact tout simplement ou par peur de la violence qu&rsquo;elle pourrait engendrer, et celles qui veulent \u00e0 tout prix une \u00ab\u00a0efficacit\u00e9 sur l&rsquo;autre\u00a0\u00bb digne d&rsquo;effets sp\u00e9ciaux cin\u00e9matographiques, pour ne pas parler des \u00ab\u00a0casseurs\u00a0\u00bb, la palette des demandes est vaste&#8230; Les pratiques dans les \u00e9coles varient autant, allant du kung fu l\u00e9g\u00e8rement adapt\u00e9 \u00e0 l'\u00a0\u00bb\u00e9nerg\u00e9tique\u00a0\u00bb pure(?) selon les cas<\/p>\n\n\n\n<p>Aussi il est pr\u00e9f\u00e9rable de d\u00e9finir ce que nous entendons faire avec notre martialit\u00e9, avec la repr\u00e9sentation que nous en avons, d&rsquo;autant que celle que nous v\u00e9hiculons est loin d&rsquo;\u00eatre celle de l&rsquo;id\u00e9ologie dominante de lutte, de conflit, de violence, mais tout simplement de rencontre avec l&rsquo;autre&#8230;<br><\/p>\n\n\n\n<h1 class=\"wp-block-heading\">Une r\u00e9alit\u00e9 quotidienne<\/h1>\n\n\n\n<p><br>En permanence, le monde nous offre des limites au travers desquelles nous avons \u00e0 frayer notre chemin. La moindre petite graine qui veut sortir de terre doit se faire sa place au milieu des mottes, se d\u00e9gager du sol, trouver de la lumi\u00e8re, s&rsquo;adapter au vent et aux divers \u00e9v\u00e9nements qui lui arrivent, ne serait-ce que le danger des passants&#8230; Mais cette motte de terre qu&rsquo;elle doit dissocier, \u00e9carter pour grandir, lui est aussi indispensable: c&rsquo;est son appui pour se tenir,droite, sa source de nourriture&#8230;<\/p>\n\n\n\n<p>Ces limites, nous avons \u00e0 apprendre \u00e0 les traverser le plus facilement possible, avec le moins de nuisance pour nous comme pour les autres, car si nous nuisons au jardinier qui passe, il n&rsquo;aura de cesse que d&rsquo;avoir arrach\u00e9 la mauvaise herbe \u00e0 ses yeux.<\/p>\n\n\n\n<p>De ce point de vue, notre histoire ne nous a pas toujours facilit\u00e9 la t\u00e2che&#8230; Certains ont pris des coups de toutes sortes et n&rsquo;ont de cesse que de les rendre, d&rsquo;autres ont du s&rsquo;effacer et restent dans la crainte. Pour chacun, recevoir ce qui vient du dehors suscite une attitude particuli\u00e8re et rares sont ceux pour qui elle est simplement ouverture, accueil et transformation!<\/p>\n\n\n\n<p>Aussi, la martialit\u00e9 est pour nous le moyen d&rsquo;apprendre \u00e0 transformer cette rencontre in\u00e9vitable avec les limites (l&rsquo;autre en particulier) et \u00e0 rendre utile \u00e0 notre croissance ce que nous recevions parfois de mani\u00e8re mal v\u00e9cue, d\u00e9rangeante, oppos\u00e9e pour le moins. Transformer ce champ de luttes et de conflits possibles, sans les nier, en autant d&rsquo;occasions d&rsquo;appuis pour notre croissance. Vaste programme!<\/p>\n\n\n\n<div class=\"wp-block-image\"><figure class=\"alignright is-resized\"><a href=\"http:\/\/www.arttoget.com\/assi.benporat\/\"><img loading=\"lazy\" decoding=\"async\" src=\"https:\/\/www.fmiptc.com\/images\/arttcc\/bpbul.jpg\" alt=\"\" width=\"175\" height=\"129\"\/><\/a><\/figure><\/div>\n\n\n\n<h1 class=\"wp-block-heading\">Un outil p\u00e9dagogique<br><\/h1>\n\n\n\n<p>La premi\u00e8re r\u00e9alit\u00e9 concr\u00e8te est que le tai chi est fait de mouvements suppos\u00e9s r\u00e9aliser des actions martiales: ce sont elles qui donnent sens au mouvement. C&rsquo;est aussi cette intention qui en d\u00e9finit les contours&#8230; Ce n&rsquo;est certainement pas un hasard si le contexte de l&rsquo;action est l&rsquo;autre&#8230; Comment comprendre et int\u00e9grer les dynamiques du mouvement en en faisant l&rsquo;impasse? Comment unifier l&rsquo;action en l&rsquo;occultant? Se priver de cet aspect du sens au nom de nos peurs ou de notre pseudo pacifisme en le rempla\u00e7ant une par simple imitation, ou en multipliant les consignes et les contr\u00f4les sans globalit\u00e9 m\u00e8nerait a un moment ou \u00e0 un autre \u00e0 de grandes impasses, de grandes rigidit\u00e9s! La d\u00e9finition du mouvement devient in-sens\u00e9e au sens propre du terme&#8230;<\/p>\n\n\n\n<p>En revanche, cette intention est un outil, non une fin (<a href=\"https:\/\/www.fmiptc.com\/?page_id=97\">voir interne\/externe)<\/a> car si je mets toute mon intention dans l&rsquo;action ext\u00e9rieure, je perds mon objectif qui est mon apprentissage int\u00e9rieur, mon \u00ab\u00a0me faire du bien\u00a0\u00bb. Ce qui se passe \u00e0 l&rsquo;int\u00e9rieur devient soumis \u00e0 l&rsquo;action et j&rsquo;en paye souvent le prix en tensions, raideurs, blocages respiratoires et autres cons\u00e9quences. De plus l&rsquo;image de l&rsquo;autre comme agresseur, sa destruction m\u00eame virtuelle (ou blessure ou \u00e9chec) de l&rsquo;autre me renvoie in\u00e9vitablement, un jour ou l&rsquo;autre, \u00e0 ma propre destruction (ou blessure ou \u00e9chec), ce n&rsquo;est donc pas un objectif tenable dans le temps, ni intelligible au moindre brin de conscience. La recherche de ce type de puissance sur l&rsquo;autre n&rsquo;\u00e9tant en tout \u00e9tat de cause qu&rsquo;une tentative sans effet de pallier mes propres insuffisances et ne m&rsquo;amenant finalement qu&rsquo;\u00e0 tenter de les nier ou \u00e0 m&rsquo;y perdre&#8230;<\/p>\n\n\n\n<p>Aussi c&rsquo;est \u00e0 la fois par l&rsquo;\u00e9valuation de ce qui se produit au dehors confront\u00e9e \u00e0 celle qui se per\u00e7oit au dedans et de leur qualit\u00e9 mutuelle qui permet de d\u00e9velopper la coh\u00e9rence de l&rsquo;apprentissage. Et dans ce paradoxe, c&rsquo;est la qualit\u00e9 de ce qui est produit en termes de l\u00e9g\u00e8ret\u00e9 de l&rsquo;\u00e9change autant pour celui qui donne que pour celui qui re\u00e7oit qui sera notre crit\u00e8re de cheminement.<\/p>\n\n\n\n<div class=\"wp-block-image\"><figure class=\"alignright\"><a href=\"https:\/\/www.fmiptc.com\/index.php?option=com_content&amp;view=article&amp;id=59&amp;Itemid=159\"><img decoding=\"async\" src=\"https:\/\/www.fmiptc.com\/images\/liv\/benpots.gif\" alt=\"\"\/><\/a><\/figure><\/div>\n\n\n\n<h1 class=\"wp-block-heading\">Une efficacit\u00e9 sp\u00e9cifique<\/h1>\n\n\n\n<p><br>Dans ce champ de pens\u00e9e, que devient l&rsquo;efficacit\u00e9? Car il n&rsquo;est pas question non plus de fumer la moquette et de se noyer dans une bulle \u00e9nerg\u00e9tique virtuelle esp\u00e9rant qu&rsquo;elle n&rsquo;\u00e9clate jamais. Le r\u00e9el rattrape toujours et si nous avons besoins de d\u00e9tours pour apprendre autant en limiter le co\u00fbt.<br>Quelle est elle alors, cette efficacit\u00e9 et \u00e0 quoi s&rsquo;applique-t-elle? Avant la rencontre, l&rsquo;autre est donc imagin\u00e9 comme survenant inopportun\u00e9ment&#8230; Quel est l&rsquo;objectif de celui qui re\u00e7oit? R\u00e9duire cette intrusion en l&rsquo;effa\u00e7ant, mais comment? Vaincre ce v\u00e9cu r\u00e9el ou simul\u00e9 d&rsquo;agression ou utiliser ce changement pour s&rsquo;y nourrir et croitre?<\/p>\n\n\n\n<p>Je puis effectivement avoir pour objectif de vaincre cet autre, je gagne, il perd et basta. Basta? pas si sur. L&rsquo;autre n&rsquo;a-t-il aucune aigreur, ne prend-je pas le retour de b\u00e2ton un jour ou l&rsquo;autre? Je l&rsquo;aurai disait quelqu&rsquo;un, je l&rsquo;aurai&#8230; Et si je fuis, jusqu&rsquo;o\u00f9?<\/p>\n\n\n\n<h3 class=\"wp-block-heading\"><em>\u00ab\u00a0Tu fondes ton ennemi en le combattant\u00a0\u00bb<br>St Exup\u00e9ry<\/em><\/h3>\n\n\n\n<p>Mais je puis aussi tenter de faire que pendant l&rsquo;action, sans changer ce qui est mes axes int\u00e9rieurs, je transforme ce qui arrive, cr\u00e9e un nouvel espace d&rsquo;\u00e9change o\u00f9 l&rsquo;agression n&rsquo;a plus lieu d&rsquo;\u00eatre ou perd son sens dans le vide de l&rsquo;espace propos\u00e9 et ou l&rsquo;\u00e9change des souffles dans cet espace est tel que chacun y gagne, rendant l&rsquo;opposition sans objet. Fantasme des textes anciens pensez vous peut-\u00eatre? Qui sait? et si c&rsquo;\u00e9tait vrai?<\/p>\n\n\n\n<p>Peut \u00eatre n&rsquo;est-ce pas tout le temps r\u00e9alisable, pas tout de suite, mais quand cela l&rsquo;est, quel plaisir! Et c&rsquo;est en tous cas un objectif on ne peut plus int\u00e9ressant \u00e0 affiner. Car je suis aussi souvent l&rsquo;agresseur, volontaire ou non, par ma pr\u00e9sence comme par mon absence, des autres, en apprenant cet accueil, c&rsquo;est encore \u00e0 moi que je fais du bien.<\/p>\n\n\n\n<div class=\"wp-block-image\"><figure class=\"alignright is-resized\"><img loading=\"lazy\" decoding=\"async\" src=\"https:\/\/www.fmiptc.com\/images\/pntch\/boeufcla.gif\" alt=\"\" width=\"239\" height=\"105\"\/><\/figure><\/div>\n\n\n\n<h1 class=\"wp-block-heading\">Un miroir \u00e0 double face<\/h1>\n\n\n\n<p>Alors intervient dans cet \u00e9change martial une perception nouvelle de soi et de l&rsquo;autre, particuli\u00e8rement mise en \u0153uvre dans les<a href=\"https:\/\/www.fmiptc.com\/?page_id=98\"> tui shou<\/a>, mais aussi, plus subtilement dans la forme&#8230; L&rsquo;autre n&rsquo;est plus ce qui fait pression ou ce sur quoi je fais pression, mais appui qui me situe et me r\u00e9verb\u00e8re (m&rsquo;\u00e9claire par la m\u00eame occasion). Cette r\u00e9alit\u00e9 subtile est un choix permanent issu d&rsquo;une repr\u00e9sentation du monde diff\u00e9rente qui s&rsquo;\u00e9veille<br><\/p>\n\n\n\n<h3 class=\"wp-block-heading\"><em>\u00ab\u00a0A vrai dire, tout \u00eatre est autre et tout \u00eatre est soi-m\u00eame. Cette v\u00e9rit\u00e9 ne se voit pas \u00e0 partir de l&rsquo;autre mais se comprend \u00e0 partir de soi-m\u00eame. ainsi il est dit \u00ab\u00a0l&rsquo;autre sort de soi-m\u00eame, mais soi m\u00eame d\u00e9pend de l&rsquo;autre\u00a0\u00bb<br>Tchouang tseu<br><\/em><\/h3>\n\n\n\n<p>Il est vrai que l&rsquo;\u00e9ducation de cette perception (qui bien sur est un attitude mentale apparemment mais qui s&rsquo;incarne dans des actions et perceptions physique extr\u00eamement concr\u00e8tes, perceptibles sans ambigu\u00eft\u00e9 par l&rsquo;autre) prend un temps certain.. mais peut \u00eatre est-ce cela aussi le temps du Tai Chi le temps de la p\u00e9dagogie de l&rsquo;\u00e9change dans le mouvement.<br><\/p>\n\n\n\n<h3 class=\"wp-block-heading\"><em>\u00ab\u00a0Que l&rsquo;autre et soi-m\u00eame cessent de s&rsquo;opposer, c&rsquo;est l\u00e0 le pivot du Tao. Ce pivot se trouve au centre du cercle et s&rsquo;applique \u00e0 toute chose\u00a0\u00bb<br>Tchouang tseu<\/em><\/h3>\n\n\n\n<p><br>C&rsquo;est pourquoi, dans la culture de ces paradoxes, il \u00e9tait dit (Yang chen fu) qu&rsquo;il convient de faire toujours la forme comme si l&rsquo;on \u00e9tait deux (car l&rsquo;autre est l&rsquo;appui et le sens du changement) et tui shou comme si l&rsquo;on \u00e9tait seul (puisque le centre est au centre des deux &#8211; <a href=\"https:\/\/www.fmiptc.com\/?page_id=106\">voie du milieu<\/a>&#8230;)<\/p>\n\n\n\n<div class=\"wp-block-image\"><figure class=\"alignright\"><img decoding=\"async\" src=\"https:\/\/www.fmiptc.com\/images\/liv\/loiani\" alt=\"\"\/><\/figure><\/div>\n\n\n\n<p>Loin donc du combat, l&rsquo;exp\u00e9rience de la croissance, comme celle de la petite graine du d\u00e9but de cet article est celle de la rencontre et de l&rsquo;adaptation. Si notre culture est fond\u00e9e sur le d\u00e9sir, ses pulsions et inhibitions, sa volont\u00e9 de r\u00e9alisation au besoin contre l&rsquo;autre, cette vision de la compl\u00e9mentarit\u00e9 dynamique li\u00e9e au changement vient d&rsquo;un autre monde.<br><br>C&rsquo;est une culture (consid\u00e9rait, car le moins que l&rsquo;on puisse dire c&rsquo;est que si les chinois mettent encore en avant leur ancienne culture, la r\u00e9alit\u00e9 d&rsquo;aujourd&rsquo;hui n&rsquo;en est plus gu\u00e8re qu&rsquo;une mauvaise copie d\u00e9lav\u00e9e) ou l&rsquo;on consid\u00e8re que ce qui est -est-, et au devant de quoi l&rsquo;adaptation qualitative est l&rsquo;objectif \u00ab\u00a0l&rsquo;ad\u00e9quation\u00a0\u00bb dit <a href=\"http:\/\/fr.wikipedia.org\/wiki\/Marcel_Granet\">Granet<\/a>. Ceci est d&rsquo;autant plus sens\u00e9 que de fait, c&rsquo;est ce qui va se passer, de toutes fa\u00e7ons, le prix \u00e0 payer pour les non adaptations \u00e9tant toujours tr\u00e8s lourd.<\/p>\n\n\n\n<figure class=\"wp-block-image\"><img decoding=\"async\" src=\"https:\/\/www.fmiptc.com\/images\/pntch\/chpv.jpg\" alt=\"\"\/><\/figure>\n\n\n\n<p>La martialit\u00e9 est cet apprentissage pour nous: le prix du combat sera d&rsquo;autant plus lourd qu&rsquo;il sera loin du mouvement naturel, de l&rsquo;adaptation \u00e0 ce qui advient: apprenons \u00e0 percevoir et \u00e0 trouver la l\u00e9g\u00e8ret\u00e9 du contact et la fluidit\u00e9 de l&rsquo;eau&#8230;<\/p>\n","protected":false},"excerpt":{"rendered":"<p>A propos de la martialit\u00e9 La martialit\u00e9 a de multiples facettes et la mani\u00e8re de la recevoir est aussi vaste&#8230; Entre les personnes qui ne veulent pas en entendre parler par peur du contact tout simplement ou par peur de la violence qu&rsquo;elle pourrait engendrer, et celles qui veulent \u00e0 tout prix une \u00ab\u00a0efficacit\u00e9 sur &hellip; <\/p>\n<p class=\"link-more\"><a href=\"https:\/\/www.fmiptc.com\/?page_id=96\" class=\"more-link\">Continuer la lecture<span class=\"screen-reader-text\"> de &laquo;&nbsp;Martialit\u00e9&nbsp;&raquo;<\/span><\/a><\/p>\n","protected":false},"author":1,"featured_media":0,"parent":0,"menu_order":0,"comment_status":"closed","ping_status":"closed","template":"","meta":{"footnotes":""},"class_list":["post-96","page","type-page","status-publish","hentry"],"_links":{"self":[{"href":"https:\/\/www.fmiptc.com\/index.php?rest_route=\/wp\/v2\/pages\/96","targetHints":{"allow":["GET"]}}],"collection":[{"href":"https:\/\/www.fmiptc.com\/index.php?rest_route=\/wp\/v2\/pages"}],"about":[{"href":"https:\/\/www.fmiptc.com\/index.php?rest_route=\/wp\/v2\/types\/page"}],"author":[{"embeddable":true,"href":"https:\/\/www.fmiptc.com\/index.php?rest_route=\/wp\/v2\/users\/1"}],"replies":[{"embeddable":true,"href":"https:\/\/www.fmiptc.com\/index.php?rest_route=%2Fwp%2Fv2%2Fcomments&post=96"}],"version-history":[{"count":4,"href":"https:\/\/www.fmiptc.com\/index.php?rest_route=\/wp\/v2\/pages\/96\/revisions"}],"predecessor-version":[{"id":501,"href":"https:\/\/www.fmiptc.com\/index.php?rest_route=\/wp\/v2\/pages\/96\/revisions\/501"}],"wp:attachment":[{"href":"https:\/\/www.fmiptc.com\/index.php?rest_route=%2Fwp%2Fv2%2Fmedia&parent=96"}],"curies":[{"name":"wp","href":"https:\/\/api.w.org\/{rel}","templated":true}]}}